{"id":4500,"date":"2025-04-17T16:32:30","date_gmt":"2025-04-17T14:32:30","guid":{"rendered":"https:\/\/natex.at\/technik-und-verbesserung\/"},"modified":"2025-07-09T15:10:12","modified_gmt":"2025-07-09T13:10:12","slug":"engineering-und-verbesserung","status":"publish","type":"page","link":"https:\/\/natex.at\/de\/engineering-und-verbesserung\/","title":{"rendered":"ENGINEERING UND VERBESSERUNG"},"content":{"rendered":"<div class=\"fusion-fullwidth fullwidth-box fusion-builder-row-1 fusion-flex-container has-pattern-background has-mask-background nonhundred-percent-fullwidth non-hundred-percent-height-scrolling\" style=\"--awb-border-radius-top-left:0px;--awb-border-radius-top-right:0px;--awb-border-radius-bottom-right:0px;--awb-border-radius-bottom-left:0px;--awb-padding-top:70px;--awb-padding-bottom:40px;--awb-padding-top-medium:40px;--awb-flex-wrap:wrap;\" ><div class=\"fusion-builder-row fusion-row fusion-flex-align-items-flex-start fusion-flex-content-wrap\" style=\"max-width:1248px;margin-left: calc(-4% \/ 2 );margin-right: calc(-4% \/ 2 );\"><div class=\"fusion-layout-column fusion_builder_column fusion-builder-column-0 fusion_builder_column_1_1 1_1 fusion-flex-column\" style=\"--awb-bg-color:var(--awb-color1);--awb-bg-color-hover:var(--awb-color1);--awb-bg-size:cover;--awb-width-large:100%;--awb-spacing-right-large:1.92%;--awb-margin-bottom-large:0px;--awb-spacing-left-large:1.92%;--awb-width-medium:100%;--awb-order-medium:0;--awb-spacing-right-medium:1.92%;--awb-spacing-left-medium:1.92%;--awb-width-small:100%;--awb-order-small:0;--awb-spacing-right-small:1.92%;--awb-spacing-left-small:1.92%;\" data-scroll-devices=\"small-visibility,medium-visibility,large-visibility\"><div class=\"fusion-column-wrapper fusion-column-has-shadow fusion-flex-justify-content-flex-start fusion-content-layout-column\"><div class=\"fusion-title title fusion-title-1 fusion-sep-none fusion-title-text fusion-title-size-two\" style=\"--awb-margin-top-small:10px;--awb-margin-right-small:0px;--awb-margin-bottom-small:10px;--awb-margin-left-small:0px;\"><h2 class=\"fusion-title-heading title-heading-left\" style=\"margin:0;text-transform:none;\">Engineering, Optimierung und Scale-Up<\/h2><\/div><div class=\"fusion-text fusion-text-1\" style=\"--awb-content-alignment:justify;\"><p>Mit mehr als 30 Jahren Erfahrung in industriellen CO2-Prozessen, darunter die gr\u00f6\u00dften und effizientesten Anlagen der Welt, bietet Natex umfassende Erfahrung und Know-how in den Bereichen Engineering, Optimierung und Scale-Up. Dieses Wissen steht f\u00fcr alle Arten von CO2-basierten Projekten zur Verf\u00fcgung, darunter:<\/p>\n<\/div><\/div><\/div><div class=\"fusion-layout-column fusion_builder_column fusion-builder-column-1 fusion_builder_column_1_2 1_2 fusion-flex-column fusion-flex-align-self-stretch\" style=\"--awb-z-index:9999;--awb-padding-top:56px;--awb-padding-right:48px;--awb-padding-bottom:56px;--awb-padding-left:48px;--awb-bg-color:var(--awb-color1);--awb-bg-color-hover:var(--awb-color1);--awb-bg-image:linear-gradient(180deg, rgba(255,255,255,0.84) 0%,rgba(255,255,255,0.6) 100%);--awb-bg-size:cover;--awb-box-shadow:10px 10px 25px 5px hsla(var(--awb-color8-h),var(--awb-color8-s),var(--awb-color8-l),calc(var(--awb-color8-a) - 90%));;--awb-border-color:var(--awb-custom_color_4);--awb-border-color-hover:var(--awb-custom_color_5);--awb-border-top:0px;--awb-border-right:0px;--awb-border-bottom:0px;--awb-border-left:4px;--awb-border-style:solid;--awb-width-large:50%;--awb-margin-top-large:20px;--awb-spacing-right-large:3.84%;--awb-margin-bottom-large:20px;--awb-spacing-left-large:3.84%;--awb-width-medium:50%;--awb-order-medium:0;--awb-spacing-right-medium:3.84%;--awb-spacing-left-medium:3.84%;--awb-width-small:100%;--awb-order-small:0;--awb-spacing-right-small:1.92%;--awb-spacing-left-small:1.92%;\" data-scroll-devices=\"small-visibility,medium-visibility,large-visibility\"><div class=\"fusion-column-wrapper fusion-column-has-shadow fusion-flex-justify-content-flex-start fusion-content-layout-column\"><div class=\"fusion-title title fusion-title-2 fusion-sep-none fusion-title-text fusion-title-size-three\" style=\"--awb-margin-top-small:10px;--awb-margin-right-small:0px;--awb-margin-bottom-small:10px;--awb-margin-left-small:0px;\"><h3 class=\"fusion-title-heading title-heading-left\" style=\"margin:0;\">Engineering-Studien<\/h3><\/div><div class=\"fusion-text fusion-text-2\"><p>Industrielle \u00fcberkritische CO2-Extraktionsanlagen ab einigen hundert Litern Prozessvolumen oder andere Prozessanlagen sind in der Regel nicht von der Stange erh\u00e4ltlich und m\u00fcssen daher auf der Grundlage der Material- und Prozessdaten konstruiert werden. Im Rahmen einer Engineering-Studie erarbeiten wir alle technischen Unterlagen, die f\u00fcr die weitere Entscheidungsfindung und f\u00fcr die beh\u00f6rdliche Genehmigung zum Bau Ihrer individuellen \u00fcberkritischen CO2-Prozessanlage zur Verf\u00fcgung stehen. Die zur Verf\u00fcgung gestellten Dokumente werden ebenfalls individuell vereinbart, umfassen aber in der Regel Folgendes:<\/p>\n<\/div><ul style=\"--awb-margin-bottom:20px;--awb-iconcolor:var(--awb-custom_color_5);--awb-line-height:27.2px;--awb-icon-width:27.2px;--awb-icon-height:27.2px;--awb-icon-margin:11.2px;--awb-content-margin:38.4px;\" class=\"fusion-checklist fusion-checklist-1 fusion-checklist-default type-icons\"><li class=\"fusion-li-item\" style=\"\"><span class=\"icon-wrapper circle-no\"><i class=\"fusion-li-icon fa-angle-right fas\" aria-hidden=\"true\"><\/i><\/span><div class=\"fusion-li-item-content\">\n<p>Prozessbeschreibungen einschlie\u00dflich eines Konzepts f\u00fcr die Materialhandling<\/p>\n<\/div><\/li><li class=\"fusion-li-item\" style=\"\"><span class=\"icon-wrapper circle-no\"><i class=\"fusion-li-icon fa-angle-right fas\" aria-hidden=\"true\"><\/i><\/span><div class=\"fusion-li-item-content\">Prozessflussdiagramme f\u00fcr das CO2 und die Hilfsmedien<\/div><\/li><li class=\"fusion-li-item\" style=\"\"><span class=\"icon-wrapper circle-no\"><i class=\"fusion-li-icon fa-angle-right fas\" aria-hidden=\"true\"><\/i><\/span><div class=\"fusion-li-item-content\">\n<p>Daten zum Energie- und CO2-Verbrauch<\/p>\n<\/div><\/li><li class=\"fusion-li-item\" style=\"\"><span class=\"icon-wrapper circle-no\"><i class=\"fusion-li-icon fa-angle-right fas\" aria-hidden=\"true\"><\/i><\/span><div class=\"fusion-li-item-content\">\n<p>Spezifikationen der Komponenten<\/p>\n<\/div><\/li><li class=\"fusion-li-item\" style=\"\"><span class=\"icon-wrapper circle-no\"><i class=\"fusion-li-icon fa-angle-right fas\" aria-hidden=\"true\"><\/i><\/span><div class=\"fusion-li-item-content\">\n<p>Layouts einschlie\u00dflich Gewicht der Komponenten<\/p>\n<\/div><\/li><li class=\"fusion-li-item\" style=\"\"><span class=\"icon-wrapper circle-no\"><i class=\"fusion-li-icon fa-angle-right fas\" aria-hidden=\"true\"><\/i><\/span><div class=\"fusion-li-item-content\">\n<p>Spezifikationen f\u00fcr Hilfsmedien<\/p>\n<\/div><\/li><li class=\"fusion-li-item\" style=\"\"><span class=\"icon-wrapper circle-no\"><i class=\"fusion-li-icon fa-angle-right fas\" aria-hidden=\"true\"><\/i><\/span><div class=\"fusion-li-item-content\">\n<p>Optionen f\u00fcr potenzielle Investitionen wie fortschrittliche CO2- oder Energier\u00fcckgewinnungssysteme<\/p>\n<\/div><\/li><li class=\"fusion-li-item\" style=\"\"><span class=\"icon-wrapper circle-no\"><i class=\"fusion-li-icon fa-angle-right fas\" aria-hidden=\"true\"><\/i><\/span><div class=\"fusion-li-item-content\">\n<p>Investitionskosten f\u00fcr die individuelle Anlagenl\u00f6sung und ihre Optionen<\/p>\n<\/div><\/li><\/ul><\/div><\/div><div class=\"fusion-layout-column fusion_builder_column fusion-builder-column-2 fusion_builder_column_1_2 1_2 fusion-flex-column fusion-flex-align-self-stretch\" style=\"--awb-z-index:9999;--awb-padding-top:56px;--awb-padding-right:48px;--awb-padding-bottom:56px;--awb-padding-left:48px;--awb-bg-color:var(--awb-color1);--awb-bg-color-hover:var(--awb-color1);--awb-bg-image:linear-gradient(180deg, rgba(255,255,255,0.84) 0%,rgba(255,255,255,0.84) 100%);--awb-bg-size:cover;--awb-box-shadow:10px 10px 25px 5px hsla(var(--awb-color8-h),var(--awb-color8-s),var(--awb-color8-l),calc(var(--awb-color8-a) - 90%));;--awb-border-color:var(--awb-custom_color_4);--awb-border-color-hover:var(--awb-custom_color_5);--awb-border-top:0px;--awb-border-right:0px;--awb-border-bottom:0px;--awb-border-left:4px;--awb-border-style:solid;--awb-width-large:50%;--awb-margin-top-large:20px;--awb-spacing-right-large:3.84%;--awb-margin-bottom-large:20px;--awb-spacing-left-large:3.84%;--awb-width-medium:50%;--awb-order-medium:0;--awb-spacing-right-medium:3.84%;--awb-spacing-left-medium:0px;--awb-width-small:100%;--awb-order-small:0;--awb-spacing-right-small:1.92%;--awb-spacing-left-small:1.92%;\" data-scroll-devices=\"small-visibility,medium-visibility,large-visibility\"><div class=\"fusion-column-wrapper fusion-column-has-shadow fusion-flex-justify-content-flex-start fusion-content-layout-column\"><div class=\"fusion-title title fusion-title-3 fusion-sep-none fusion-title-text fusion-title-size-three\" style=\"--awb-margin-top-small:10px;--awb-margin-right-small:0px;--awb-margin-bottom-small:10px;--awb-margin-left-small:0px;\"><h3 class=\"fusion-title-heading title-heading-left\" style=\"margin:0;\">Wirtschaftliche Bewertungen von Prozessen<\/h3><\/div><div class=\"fusion-text fusion-text-3\"><p>Die wirtschaftliche Situation von individuellen und industriellen CO2-basierten Prozessanlagen ist f\u00fcr jedes Projekt einzigartig, aber f\u00fcr den langfristigen Erfolg entscheidend. Natex kann die wichtigen wirtschaftlichen Informationen zu solchen Anlagen in jeder Gr\u00f6\u00dfenordnung liefern. Dazu geh\u00f6ren CAPEX (Capital Expenditures) oder die zu erwartenden Investitionskosten und OPEX (Operational Expenditures) von Hochdruck-CO2-Prozessanlagen f\u00fcr Extraktion oder andere Prozesse. Die Werte werden individuell berechnet, basierend auf Prozessbedingungen, Materialinformationen und sogar externen Faktoren wie der Temperatur, und umfassen Folgendes:<\/p>\n<\/div><ul style=\"--awb-margin-bottom:20px;--awb-iconcolor:var(--awb-custom_color_5);--awb-line-height:27.2px;--awb-icon-width:27.2px;--awb-icon-height:27.2px;--awb-icon-margin:11.2px;--awb-content-margin:38.4px;\" class=\"fusion-checklist fusion-checklist-2 fusion-checklist-default type-icons\"><li class=\"fusion-li-item\" style=\"\"><span class=\"icon-wrapper circle-no\"><i class=\"fusion-li-icon fa-angle-right fas\" aria-hidden=\"true\"><\/i><\/span><div class=\"fusion-li-item-content\">\n<p>Investitionenskosten f\u00fcr Hochdruck-CO2-Prozessanlagen<\/p>\n<\/div><\/li><li class=\"fusion-li-item\" style=\"\"><span class=\"icon-wrapper circle-no\"><i class=\"fusion-li-icon fa-angle-right fas\" aria-hidden=\"true\"><\/i><\/span><div class=\"fusion-li-item-content\">\n<p>Investitionskosten f\u00fcr Versorgungsmedien, Materialtransport, Installation und Bau<\/p>\n<\/div><\/li><li class=\"fusion-li-item\" style=\"\"><span class=\"icon-wrapper circle-no\"><i class=\"fusion-li-icon fa-angle-right fas\" aria-hidden=\"true\"><\/i><\/span><div class=\"fusion-li-item-content\">\n<p>Elektrischer Verbrauch<\/p>\n<\/div><\/li><li class=\"fusion-li-item\" style=\"\"><span class=\"icon-wrapper circle-no\"><i class=\"fusion-li-icon fa-angle-right fas\" aria-hidden=\"true\"><\/i><\/span><div class=\"fusion-li-item-content\">\n<p>Thermischer Verbrauch<\/p>\n<\/div><\/li><li class=\"fusion-li-item\" style=\"\"><span class=\"icon-wrapper circle-no\"><i class=\"fusion-li-icon fa-angle-right fas\" aria-hidden=\"true\"><\/i><\/span><div class=\"fusion-li-item-content\">\n<p>CO2-Verbrauch und optionale Investitionen, um diesen zu minimieren<\/p>\n<\/div><\/li><li class=\"fusion-li-item\" style=\"\"><span class=\"icon-wrapper circle-no\"><i class=\"fusion-li-icon fa-angle-right fas\" aria-hidden=\"true\"><\/i><\/span><div class=\"fusion-li-item-content\">\n<p>Personalanforderungen und Kosten<\/p>\n<\/div><\/li><li class=\"fusion-li-item\" style=\"\"><span class=\"icon-wrapper circle-no\"><i class=\"fusion-li-icon fa-angle-right fas\" aria-hidden=\"true\"><\/i><\/span><div class=\"fusion-li-item-content\">\n<p>Ersatzteil- und Servicekosten<\/p>\n<\/div><\/li><\/ul><div class=\"fusion-text fusion-text-4\"><p>Solche Informationen k\u00f6nnen in jeder Phase einer Projektbewertung bereitgestellt werden und die Genauigkeit steigt mit jedem neuen Schritt, der mehr Daten generiert.<\/p>\n<\/div><\/div><\/div><div class=\"fusion-layout-column fusion_builder_column fusion-builder-column-3 fusion_builder_column_1_1 1_1 fusion-flex-column fusion-flex-align-self-stretch\" style=\"--awb-z-index:9999;--awb-padding-top:56px;--awb-padding-right:48px;--awb-padding-bottom:56px;--awb-padding-left:48px;--awb-bg-color:var(--awb-color1);--awb-bg-color-hover:var(--awb-color1);--awb-bg-image:linear-gradient(180deg, rgba(255,255,255,0.84) 0%,rgba(255,255,255,0.84) 100%),url(https:\/\/natex.at\/wp-content\/uploads\/2025\/04\/maske_bg.svg);;--awb-bg-size:cover;--awb-box-shadow:10px 10px 25px 5px hsla(var(--awb-color8-h),var(--awb-color8-s),var(--awb-color8-l),calc(var(--awb-color8-a) - 90%));;--awb-border-color:var(--awb-custom_color_4);--awb-border-color-hover:var(--awb-custom_color_5);--awb-border-top:0px;--awb-border-right:0px;--awb-border-bottom:0px;--awb-border-left:4px;--awb-border-style:solid;--awb-width-large:100%;--awb-margin-top-large:20px;--awb-spacing-right-large:1.92%;--awb-margin-bottom-large:20px;--awb-spacing-left-large:1.92%;--awb-width-medium:100%;--awb-order-medium:0;--awb-spacing-right-medium:1.92%;--awb-spacing-left-medium:1.92%;--awb-width-small:100%;--awb-order-small:0;--awb-spacing-right-small:1.92%;--awb-spacing-left-small:1.92%;\" data-scroll-devices=\"small-visibility,medium-visibility,large-visibility\"><div class=\"fusion-column-wrapper fusion-column-has-shadow fusion-flex-justify-content-flex-start fusion-content-layout-column fusion-column-has-bg-image\" data-bg-url=\"https:\/\/natex.at\/wp-content\/uploads\/2025\/04\/maske_bg.svg\"><div class=\"fusion-title title fusion-title-4 fusion-sep-none fusion-title-text fusion-title-size-three\" style=\"--awb-margin-top-small:10px;--awb-margin-right-small:0px;--awb-margin-bottom-small:10px;--awb-margin-left-small:0px;\"><h3 class=\"fusion-title-heading title-heading-left\" style=\"margin:0;\">Optimierung von bestehenden Prozessen und Anlagen<\/h3><\/div><div class=\"fusion-text fusion-text-5\"><p>Hochdruck-CO2-Extraktionsanlagen sind in der Regel sehr langlebige Anlagen und k\u00f6nnen 40 Jahre oder l\u00e4nger in Betrieb bleiben. W\u00e4hrend einer so langen Betriebszeit tauchen neue Technologien und M\u00f6glichkeiten auf, es werden neue Erkenntnisse gewonnen oder die wirtschaftliche Situation \u00e4ndert sich. Dies kann zu potenziellen Verbesserungen der Effizienz f\u00fchren oder zu dem Wunsch, die Sicherheit zu erh\u00f6hen, zu modernisieren oder neue Materialien zu verarbeiten. Natex bietet diese Dienstleistungen nicht nur f\u00fcr seine eigenen Anlagen an, sondern f\u00fcr jede Art von Hochdruck-CO2-Verarbeitungsanlage, die von unserem Know-how profitieren kann.<\/p>\n<\/div><\/div><\/div><\/div><\/div>\n","protected":false},"excerpt":{"rendered":"","protected":false},"author":1,"featured_media":0,"parent":0,"menu_order":0,"comment_status":"closed","ping_status":"closed","template":"100-width.php","meta":{"_acf_changed":false,"footnotes":""},"class_list":["post-4500","page","type-page","status-publish","hentry"],"acf":[],"_links":{"self":[{"href":"https:\/\/natex.at\/de\/wp-json\/wp\/v2\/pages\/4500","targetHints":{"allow":["GET"]}}],"collection":[{"href":"https:\/\/natex.at\/de\/wp-json\/wp\/v2\/pages"}],"about":[{"href":"https:\/\/natex.at\/de\/wp-json\/wp\/v2\/types\/page"}],"author":[{"embeddable":true,"href":"https:\/\/natex.at\/de\/wp-json\/wp\/v2\/users\/1"}],"replies":[{"embeddable":true,"href":"https:\/\/natex.at\/de\/wp-json\/wp\/v2\/comments?post=4500"}],"version-history":[{"count":0,"href":"https:\/\/natex.at\/de\/wp-json\/wp\/v2\/pages\/4500\/revisions"}],"wp:attachment":[{"href":"https:\/\/natex.at\/de\/wp-json\/wp\/v2\/media?parent=4500"}],"curies":[{"name":"wp","href":"https:\/\/api.w.org\/{rel}","templated":true}]}}