{"id":4511,"date":"2025-04-17T15:48:31","date_gmt":"2025-04-17T13:48:31","guid":{"rendered":"https:\/\/natex.at\/unsere-abteilungen\/"},"modified":"2025-07-09T11:18:50","modified_gmt":"2025-07-09T09:18:50","slug":"unsere-abteilungen","status":"publish","type":"page","link":"https:\/\/natex.at\/de\/unsere-abteilungen\/","title":{"rendered":"UNSERE ABTEILUNGEN"},"content":{"rendered":"<p><div class=\"fusion-fullwidth fullwidth-box fusion-builder-row-1 fusion-flex-container has-pattern-background has-mask-background nonhundred-percent-fullwidth non-hundred-percent-height-scrolling\" style=\"--awb-border-radius-top-left:0px;--awb-border-radius-top-right:0px;--awb-border-radius-bottom-right:0px;--awb-border-radius-bottom-left:0px;--awb-padding-top:70px;--awb-padding-bottom:70px;--awb-padding-top-medium:40px;--awb-padding-bottom-medium:40px;--awb-flex-wrap:wrap;\" ><div class=\"fusion-builder-row fusion-row fusion-flex-align-items-flex-start fusion-flex-content-wrap\" style=\"max-width:1248px;margin-left: calc(-4% \/ 2 );margin-right: calc(-4% \/ 2 );\"><div class=\"fusion-layout-column fusion_builder_column fusion-builder-column-0 fusion_builder_column_1_1 1_1 fusion-flex-column\" style=\"--awb-bg-color:var(--awb-color1);--awb-bg-color-hover:var(--awb-color1);--awb-bg-size:cover;--awb-width-large:100%;--awb-spacing-right-large:1.92%;--awb-margin-bottom-large:0px;--awb-spacing-left-large:1.92%;--awb-width-medium:100%;--awb-order-medium:0;--awb-spacing-right-medium:1.92%;--awb-spacing-left-medium:1.92%;--awb-width-small:100%;--awb-order-small:0;--awb-spacing-right-small:1.92%;--awb-spacing-left-small:1.92%;\" data-scroll-devices=\"small-visibility,medium-visibility,large-visibility\"><div class=\"fusion-column-wrapper fusion-column-has-shadow fusion-flex-justify-content-flex-start fusion-content-layout-column\"><div class=\"fusion-title title fusion-title-1 fusion-sep-none fusion-title-text fusion-title-size-two\" style=\"--awb-margin-top-small:10px;--awb-margin-right-small:0px;--awb-margin-bottom-small:10px;--awb-margin-left-small:0px;\"><h2 class=\"fusion-title-heading title-heading-left\" style=\"margin:0;text-transform:none;\">Arbeiten bei Natex<\/h2><\/div><div class=\"fusion-text fusion-text-1 hyphens\" style=\"--awb-content-alignment:justify;\"><p>Bei Natex sind wir ein spezialisiertes Team, das stets bestrebt ist, den Status quo herauszufordern und die \u00fcberkritische CO2-Technologie weiterzuentwickeln. Dies geschieht in einzigartigen Projekten aus verschiedenen Branchen und auf der ganzen Welt, bei denen wir die Ideen unserer Kunden in die Realit\u00e4t umsetzen. <\/p>\n<p>Dies geschieht in den folgenden technischen Abteilungen, die eng miteinander zusammenarbeiten, um die anstehenden Aufgaben zu bew\u00e4ltigen und von einem starken Qualit\u00e4tsmanagement und einer kaufm\u00e4nnischen Abteilung unterst\u00fctzt werden.<\/p>\n<\/div><\/div><\/div><\/div><\/div><div class=\"fusion-fullwidth fullwidth-box fusion-builder-row-2 fusion-flex-container has-pattern-background has-mask-background nonhundred-percent-fullwidth non-hundred-percent-height-scrolling\" style=\"--awb-border-radius-top-left:0px;--awb-border-radius-top-right:0px;--awb-border-radius-bottom-right:0px;--awb-border-radius-bottom-left:0px;--awb-padding-top:70px;--awb-padding-bottom:70px;--awb-background-color:rgba(226,227,230,0.3);--awb-flex-wrap:wrap;\" ><div class=\"fusion-builder-row fusion-row fusion-flex-align-items-flex-start fusion-flex-content-wrap\" style=\"max-width:1248px;margin-left: calc(-4% \/ 2 );margin-right: calc(-4% \/ 2 );\"><div class=\"fusion-layout-column fusion_builder_column fusion-builder-column-1 fusion_builder_column_1_2 1_2 fusion-flex-column fusion-flex-align-self-stretch\" style=\"--awb-padding-top:25px;--awb-padding-right:25px;--awb-padding-bottom:25px;--awb-padding-left:25px;--awb-bg-color:var(--awb-color1);--awb-bg-color-hover:var(--awb-color1);--awb-bg-size:cover;--awb-border-color:var(--awb-custom_color_4);--awb-border-bottom:2px;--awb-border-style:solid;--awb-width-large:50%;--awb-spacing-right-large:3.84%;--awb-margin-bottom-large:40px;--awb-spacing-left-large:3.84%;--awb-width-medium:50%;--awb-order-medium:0;--awb-spacing-right-medium:3.84%;--awb-spacing-left-medium:3.84%;--awb-width-small:100%;--awb-order-small:0;--awb-spacing-right-small:1.92%;--awb-spacing-left-small:1.92%;\" data-scroll-devices=\"small-visibility,medium-visibility,large-visibility\"><div class=\"fusion-column-wrapper fusion-column-has-shadow fusion-flex-justify-content-flex-start fusion-content-layout-column\"><div class=\"fusion-title title fusion-title-2 fusion-sep-none fusion-title-center fusion-title-text fusion-title-size-three\" style=\"--awb-margin-top-small:10px;--awb-margin-right-small:0px;--awb-margin-bottom-small:10px;--awb-margin-left-small:0px;\"><h3 class=\"fusion-title-heading title-heading-center\" style=\"margin:0;\">F&amp;E<\/h3><\/div><div class=\"fusion-text fusion-text-2\" style=\"--awb-content-alignment:center;\"><p>Unser F&amp;E-Team wertet die Ideen der Kunden technisch aus und f\u00fchrt die ersten Versuche durch. Dies machen wir in unseren eigenen F&amp;E- und Pilotanlagen, um Daten f\u00fcr die weiteren Schritte der Projektdurchf\u00fchrung zu generieren. Die ersten Tests werden immer eng mit den Kunden abgestimmt, um sicherzustellen, dass das Know-how \u00fcber das jeweilige Produkt vom ersten Moment an ber\u00fccksichtigt wird. Unser Team ist teilweise in Chemie und Verfahrenstechnik ausgebildet, verf\u00fcgt aber vor allem \u00fcber umfangreiche praktische Erfahrung im Betrieb unserer Anlagen, so dass wir die ben\u00f6tigten Daten generieren und die von unseren Kunden gew\u00fcnschte Produktqualit\u00e4t erreichen.<\/p>\n<\/div><\/div><\/div><div class=\"fusion-layout-column fusion_builder_column fusion-builder-column-2 fusion_builder_column_1_2 1_2 fusion-flex-column fusion-flex-align-self-stretch\" style=\"--awb-padding-top:25px;--awb-padding-right:25px;--awb-padding-bottom:25px;--awb-padding-left:25px;--awb-bg-color:var(--awb-color1);--awb-bg-color-hover:var(--awb-color1);--awb-bg-size:cover;--awb-border-color:var(--awb-custom_color_4);--awb-border-bottom:2px;--awb-border-style:solid;--awb-width-large:50%;--awb-spacing-right-large:3.84%;--awb-margin-bottom-large:40px;--awb-spacing-left-large:3.84%;--awb-width-medium:50%;--awb-order-medium:0;--awb-spacing-right-medium:3.84%;--awb-spacing-left-medium:3.84%;--awb-width-small:100%;--awb-order-small:0;--awb-spacing-right-small:1.92%;--awb-spacing-left-small:1.92%;\" data-scroll-devices=\"small-visibility,medium-visibility,large-visibility\"><div class=\"fusion-column-wrapper fusion-column-has-shadow fusion-flex-justify-content-flex-start fusion-content-layout-column\"><div class=\"fusion-title title fusion-title-3 fusion-sep-none fusion-title-center fusion-title-text fusion-title-size-three\" style=\"--awb-margin-top-small:10px;--awb-margin-right-small:0px;--awb-margin-bottom-small:10px;--awb-margin-left-small:0px;\"><h3 class=\"fusion-title-heading title-heading-center\" style=\"margin:0;\">Verfahrenstechnik<\/h3><\/div><div class=\"fusion-text fusion-text-3\" style=\"--awb-content-alignment:center;\"><p>Die verfahrenstechnische Abteilung bildet die Grundlage f\u00fcr die weitere Realisierung jedes Anlagenprojekts und f\u00fcllt diese mit Leben. Sie wissen um die M\u00f6glichkeiten von CO2 als Prozessmedium und wie es in jedem einzelnen Ma\u00dfstab betrieben werden kann. Dieses Team erstellt die wesentlichen P&amp;I-Diagramme und dimensioniert auch die gesamte Ausr\u00fcstung wie W\u00e4rmetauscher, Abscheider, Sicherheitsventile und mehr. Die meisten von ihnen haben Verfahrenstechnik oder Chemie studiert und sich auf CO2-Prozesse spezialisiert.<\/p>\n<\/div><\/div><\/div><div class=\"fusion-layout-column fusion_builder_column fusion-builder-column-3 fusion_builder_column_1_2 1_2 fusion-flex-column fusion-flex-align-self-stretch\" style=\"--awb-padding-top:25px;--awb-padding-right:25px;--awb-padding-bottom:25px;--awb-padding-left:25px;--awb-bg-color:var(--awb-color1);--awb-bg-color-hover:var(--awb-color1);--awb-bg-size:cover;--awb-border-color:var(--awb-custom_color_4);--awb-border-bottom:2px;--awb-border-style:solid;--awb-width-large:50%;--awb-spacing-right-large:3.84%;--awb-margin-bottom-large:40px;--awb-spacing-left-large:3.84%;--awb-width-medium:50%;--awb-order-medium:0;--awb-spacing-right-medium:3.84%;--awb-spacing-left-medium:3.84%;--awb-width-small:100%;--awb-order-small:0;--awb-spacing-right-small:1.92%;--awb-spacing-left-small:1.92%;\" data-scroll-devices=\"small-visibility,medium-visibility,large-visibility\"><div class=\"fusion-column-wrapper fusion-column-has-shadow fusion-flex-justify-content-flex-start fusion-content-layout-column\"><div class=\"fusion-title title fusion-title-4 fusion-sep-none fusion-title-center fusion-title-text fusion-title-size-three\" style=\"--awb-margin-top-small:10px;--awb-margin-right-small:0px;--awb-margin-bottom-small:10px;--awb-margin-left-small:0px;\"><h3 class=\"fusion-title-heading title-heading-center\" style=\"margin:0;\">Projektmanagement \/ Projektdurchf\u00fchrung<\/h3><\/div><div class=\"fusion-text fusion-text-4\" style=\"--awb-content-alignment:center;\"><p>Die Mitarbeiter der Projektrealisierung sind diejenigen, die daf\u00fcr sorgen, dass jedes Projekt in die Realit\u00e4t umgesetzt wird. Sie koordinieren die verschiedenen Teams innerhalb von Natex, f\u00fchren selbst einige Zwischenplanungen durch und koordinieren externe Partner und Kunden. Dieses Team besteht aus Projektmanagern und Projekttechnikern, die das Beste aus jedem Projekt herausholen. Sie haben in der Regel einen Hintergrund im Maschinenbau oder in der Rohrleitungsplanung und sind auch stark in der Koordinierung der Mitarbeiter bei Natex und vor Ort, um die Ausr\u00fcstung mechanisch zu installieren.<\/p>\n<\/div><\/div><\/div><div class=\"fusion-layout-column fusion_builder_column fusion-builder-column-4 fusion_builder_column_1_2 1_2 fusion-flex-column fusion-flex-align-self-stretch\" style=\"--awb-bg-color:var(--awb-color1);--awb-bg-color-hover:var(--awb-color1);--awb-bg-image:url(&#039;https:\/\/natex.at\/wp-content\/uploads\/2025\/04\/natex-building.jpg&#039;);--awb-bg-size:cover;--awb-border-color:var(--awb-custom_color_4);--awb-border-style:solid;--awb-width-large:50%;--awb-spacing-right-large:3.84%;--awb-margin-bottom-large:40px;--awb-spacing-left-large:3.84%;--awb-width-medium:50%;--awb-order-medium:0;--awb-spacing-right-medium:3.84%;--awb-spacing-left-medium:3.84%;--awb-width-small:100%;--awb-order-small:0;--awb-spacing-right-small:1.92%;--awb-spacing-left-small:1.92%;\" data-scroll-devices=\"small-visibility,medium-visibility,large-visibility\"><div class=\"fusion-column-wrapper fusion-column-has-shadow fusion-flex-justify-content-flex-start fusion-content-layout-column fusion-empty-column-bg-image fusion-column-has-bg-image\" data-bg-url=\"https:\/\/natex.at\/wp-content\/uploads\/2025\/04\/natex-building.jpg\"><img decoding=\"async\" class=\"fusion-empty-dims-img-placeholder\" aria-label=\"Natex Building\" src=\"data:image\/svg+xml,%3Csvg%20xmlns%3D%27http%3A%2F%2Fwww.w3.org%2F2000%2Fsvg%27%20width%3D%271531%27%20height%3D%271020%27%20viewBox%3D%270%200%201531%201020%27%3E%3Crect%20width%3D%271531%27%20height%3D%271020%27%20fill-opacity%3D%220%22%2F%3E%3C%2Fsvg%3E\"><\/div><\/div><div class=\"fusion-layout-column fusion_builder_column fusion-builder-column-5 fusion_builder_column_1_2 1_2 fusion-flex-column fusion-flex-align-self-stretch\" style=\"--awb-padding-top:25px;--awb-padding-right:25px;--awb-padding-bottom:25px;--awb-padding-left:25px;--awb-bg-color:var(--awb-color1);--awb-bg-color-hover:var(--awb-color1);--awb-bg-size:cover;--awb-border-color:var(--awb-custom_color_4);--awb-border-bottom:2px;--awb-border-style:solid;--awb-width-large:50%;--awb-spacing-right-large:3.84%;--awb-margin-bottom-large:20px;--awb-spacing-left-large:3.84%;--awb-width-medium:50%;--awb-order-medium:0;--awb-spacing-right-medium:3.84%;--awb-spacing-left-medium:3.84%;--awb-width-small:100%;--awb-order-small:0;--awb-spacing-right-small:1.92%;--awb-margin-bottom-small:40px;--awb-spacing-left-small:1.92%;\" data-scroll-devices=\"small-visibility,medium-visibility,large-visibility\"><div class=\"fusion-column-wrapper fusion-column-has-shadow fusion-flex-justify-content-flex-start fusion-content-layout-column\"><div class=\"fusion-title title fusion-title-5 fusion-sep-none fusion-title-center fusion-title-text fusion-title-size-three\" style=\"--awb-margin-top-small:10px;--awb-margin-right-small:0px;--awb-margin-bottom-small:10px;--awb-margin-left-small:0px;\"><h3 class=\"fusion-title-heading title-heading-center\" style=\"margin:0;\">Automatisierung<\/h3><\/div><div class=\"fusion-text fusion-text-5\" style=\"--awb-content-alignment:center;\"><p>Unser Automatisierungsteam k\u00fcmmert sich um die elektrischen Teile in den Anlagen. Sie sorgen daf\u00fcr, dass die verschiedenen Sensoren, Pumpen und anderen Ger\u00e4te f\u00fcr die jeweilige Anwendung geeignet sind und stellen sicher, dass alles gem\u00e4\u00df den strengsten Anforderungen einer benannten Stelle sicher ist. Sie arbeiten mit den besten verf\u00fcgbaren Kontrollsystemen und sind flexibel genug, um Kundenw\u00fcnsche verschiedenster Art umzusetzen. Sie spielen eine wichtige Rolle vor Ort, wenn eine Anlage in Betrieb genommen wird und erleben den Erfolg ihrer Bem\u00fchungen aus erster Hand.<\/p>\n<\/div><\/div><\/div><div class=\"fusion-layout-column fusion_builder_column fusion-builder-column-6 fusion_builder_column_1_2 1_2 fusion-flex-column fusion-flex-align-self-stretch\" style=\"--awb-padding-top:25px;--awb-padding-right:25px;--awb-padding-bottom:25px;--awb-padding-left:25px;--awb-bg-color:var(--awb-color1);--awb-bg-color-hover:var(--awb-color1);--awb-bg-size:cover;--awb-border-color:var(--awb-custom_color_4);--awb-border-bottom:2px;--awb-border-style:solid;--awb-width-large:50%;--awb-spacing-right-large:3.84%;--awb-margin-bottom-large:20px;--awb-spacing-left-large:3.84%;--awb-width-medium:50%;--awb-order-medium:0;--awb-spacing-right-medium:3.84%;--awb-spacing-left-medium:3.84%;--awb-width-small:100%;--awb-order-small:0;--awb-spacing-right-small:1.92%;--awb-spacing-left-small:1.92%;\" data-scroll-devices=\"small-visibility,medium-visibility,large-visibility\"><div class=\"fusion-column-wrapper fusion-column-has-shadow fusion-flex-justify-content-flex-start fusion-content-layout-column\"><div class=\"fusion-title title fusion-title-6 fusion-sep-none fusion-title-center fusion-title-text fusion-title-size-three\" style=\"--awb-margin-top-small:10px;--awb-margin-right-small:0px;--awb-margin-bottom-small:10px;--awb-margin-left-small:0px;\"><h3 class=\"fusion-title-heading title-heading-center\" style=\"margin:0;\">Konstruktion \/ Apparatebau<\/h3><\/div><div class=\"fusion-text fusion-text-6\" style=\"--awb-content-alignment:center;\"><p>Das Team des Maschinenbaus konzentriert sich auf die Druckbeh\u00e4lter, die das Kernst\u00fcck und der kapitalintensivste Teil einer Hochdruck-CO2-Extraktionsanlage sind. Sie sorgen daf\u00fcr, dass die Ausr\u00fcstung gem\u00e4\u00df dem erforderlichen Standard konstruiert wird, entwerfen die Schnellverschl\u00fcsse, die f\u00fcr den Betrieb unerl\u00e4sslich sind, und stellen sicher, dass die Fertigungsqualit\u00e4t unseren hohen Standards entspricht. Sie sind Maschinenbauingenieure mit Know-how im Bereich Druckbeh\u00e4lter und Schwei\u00dfen.<\/p>\n<\/div><\/div><\/div><\/div><\/div><\/p>\n","protected":false},"excerpt":{"rendered":"","protected":false},"author":1,"featured_media":0,"parent":0,"menu_order":0,"comment_status":"closed","ping_status":"closed","template":"100-width.php","meta":{"_acf_changed":false,"footnotes":""},"class_list":["post-4511","page","type-page","status-publish","hentry"],"acf":[],"_links":{"self":[{"href":"https:\/\/natex.at\/de\/wp-json\/wp\/v2\/pages\/4511","targetHints":{"allow":["GET"]}}],"collection":[{"href":"https:\/\/natex.at\/de\/wp-json\/wp\/v2\/pages"}],"about":[{"href":"https:\/\/natex.at\/de\/wp-json\/wp\/v2\/types\/page"}],"author":[{"embeddable":true,"href":"https:\/\/natex.at\/de\/wp-json\/wp\/v2\/users\/1"}],"replies":[{"embeddable":true,"href":"https:\/\/natex.at\/de\/wp-json\/wp\/v2\/comments?post=4511"}],"version-history":[{"count":0,"href":"https:\/\/natex.at\/de\/wp-json\/wp\/v2\/pages\/4511\/revisions"}],"wp:attachment":[{"href":"https:\/\/natex.at\/de\/wp-json\/wp\/v2\/media?parent=4511"}],"curies":[{"name":"wp","href":"https:\/\/api.w.org\/{rel}","templated":true}]}}