{"id":4522,"date":"2025-04-16T11:51:23","date_gmt":"2025-04-16T09:51:23","guid":{"rendered":"https:\/\/natex.at\/kosmetik\/"},"modified":"2025-07-08T16:15:13","modified_gmt":"2025-07-08T14:15:13","slug":"kosmetik","status":"publish","type":"page","link":"https:\/\/natex.at\/de\/kosmetik\/","title":{"rendered":"KOSMETIK"},"content":{"rendered":"<p><div class=\"fusion-fullwidth fullwidth-box fusion-builder-row-1 fusion-flex-container has-pattern-background has-mask-background nonhundred-percent-fullwidth non-hundred-percent-height-scrolling\" style=\"--awb-border-radius-top-left:0px;--awb-border-radius-top-right:0px;--awb-border-radius-bottom-right:0px;--awb-border-radius-bottom-left:0px;--awb-padding-top:70px;--awb-padding-bottom:70px;--awb-padding-top-medium:40px;--awb-flex-wrap:wrap;\" ><div class=\"fusion-builder-row fusion-row fusion-flex-align-items-flex-start fusion-flex-content-wrap\" style=\"max-width:1248px;margin-left: calc(-4% \/ 2 );margin-right: calc(-4% \/ 2 );\"><div class=\"fusion-layout-column fusion_builder_column fusion-builder-column-0 fusion_builder_column_1_1 1_1 fusion-flex-column\" style=\"--awb-bg-color:var(--awb-color1);--awb-bg-color-hover:var(--awb-color1);--awb-bg-size:cover;--awb-width-large:100%;--awb-spacing-right-large:1.92%;--awb-margin-bottom-large:0px;--awb-spacing-left-large:1.92%;--awb-width-medium:100%;--awb-order-medium:0;--awb-spacing-right-medium:1.92%;--awb-spacing-left-medium:1.92%;--awb-width-small:100%;--awb-order-small:0;--awb-spacing-right-small:1.92%;--awb-spacing-left-small:1.92%;\" data-scroll-devices=\"small-visibility,medium-visibility,large-visibility\"><div class=\"fusion-column-wrapper fusion-column-has-shadow fusion-flex-justify-content-flex-start fusion-content-layout-column\"><div class=\"fusion-title title fusion-title-1 fusion-sep-none fusion-title-text fusion-title-size-two\" style=\"--awb-margin-top-small:10px;--awb-margin-right-small:0px;--awb-margin-bottom-small:10px;--awb-margin-left-small:0px;\"><h2 class=\"fusion-title-heading title-heading-left\" style=\"margin:0;\">Kosmetische Industrie<\/h2><\/div><div class=\"fusion-text fusion-text-1\" style=\"--awb-content-alignment:justify;\"><p>Die CO2-Extraktionstechnologie als zeitgem\u00e4\u00dfes, nachhaltiges Verfahren liefert neben nat\u00fcrlichen Extrakten f\u00fcr die Entwicklung von D\u00fcften und K\u00f6rperpflegeprodukten f\u00fcr die Kosmetikindustrie auch l\u00f6sungsmittelfreie Extrakte mit gesunden Eigenschaften. Botanische Inhaltsstoffe, die empfindlich auf hohe Temperaturen reagieren, k\u00f6nnen sanft und selektiv extrahiert werden. D\u00fcfte und Aromen bleiben unver\u00e4ndert. Reine Extrakte werden mit weniger Prozessschritten erzielt.<\/p>\n<\/div><\/div><\/div><div class=\"fusion-layout-column fusion_builder_column fusion-builder-column-1 fusion_builder_column_1_2 1_2 fusion-flex-column fusion-flex-align-self-stretch\" style=\"--awb-bg-size:cover;--awb-width-large:50%;--awb-spacing-right-large:3.84%;--awb-margin-bottom-large:0px;--awb-spacing-left-large:3.84%;--awb-width-medium:50%;--awb-order-medium:0;--awb-spacing-right-medium:3.84%;--awb-spacing-left-medium:3.84%;--awb-width-small:100%;--awb-order-small:0;--awb-spacing-right-small:1.92%;--awb-spacing-left-small:1.92%;\" data-scroll-devices=\"small-visibility,medium-visibility,large-visibility\"><div class=\"fusion-column-wrapper fusion-column-has-shadow fusion-flex-justify-content-space-evenly fusion-content-layout-column\"><div class=\"accordian fusion-accordian\" style=\"margin-bottom:40px;--awb-margin-bottom:40px;--awb-border-size:1px;--awb-icon-size:16px;--awb-content-font-size:var(--awb-typography4-font-size);--awb-icon-alignment:left;--awb-hover-color:var(--awb-color2);--awb-border-color:var(--awb-color3);--awb-background-color:var(--awb-color1);--awb-divider-color:var(--awb-color3);--awb-divider-hover-color:var(--awb-color3);--awb-icon-color:var(--awb-color1);--awb-title-color:var(--awb-color8);--awb-content-color:var(--awb-color8);--awb-icon-box-color:var(--awb-color8);--awb-toggle-hover-accent-color:var(--awb-custom_color_5);--awb-title-font-family:var(--awb-typography1-font-family);--awb-title-font-weight:var(--awb-typography1-font-weight);--awb-title-font-style:var(--awb-typography1-font-style);--awb-title-font-size:16px;--awb-title-letter-spacing:var(--awb-typography1-letter-spacing);--awb-title-line-height:1.4;--awb-content-font-family:var(--awb-typography4-font-family);--awb-content-font-weight:var(--awb-typography4-font-weight);--awb-content-font-style:var(--awb-typography4-font-style);\"><div class=\"panel-group fusion-toggle-icon-boxed\" id=\"accordion-4522-1\"><div class=\"fusion-panel panel-default panel-bcb71a7a0a633d3d3 fusion-toggle-has-divider\" style=\"--awb-title-color:var(--awb-color8);--awb-content-color:var(--awb-color8);\"><div class=\"panel-heading\"><h4 class=\"panel-title toggle\" id=\"toggle_bcb71a7a0a633d3d3\"><a aria-expanded=\"false\" aria-controls=\"bcb71a7a0a633d3d3\" role=\"button\" data-toggle=\"collapse\" data-parent=\"#accordion-4522-1\" data-target=\"#bcb71a7a0a633d3d3\" href=\"#bcb71a7a0a633d3d3\"><span class=\"fusion-toggle-icon-wrapper\" aria-hidden=\"true\"><i class=\"fa-fusion-box active-icon fa-angle-up fas\" aria-hidden=\"true\"><\/i><i class=\"fa-fusion-box inactive-icon fa-angle-up fas\" aria-hidden=\"true\"><\/i><\/span><span class=\"fusion-toggle-heading\">Bewahrung des Aromas<\/span><\/a><\/h4><\/div><div id=\"bcb71a7a0a633d3d3\" class=\"panel-collapse collapse \" aria-labelledby=\"toggle_bcb71a7a0a633d3d3\"><div class=\"panel-body toggle-content fusion-clearfix\">\n<p>Die \u00fcberkritische CO2-Extraktion ist ein schonendes Verfahren, das bei moderaten Temperaturen arbeitet und dazu beitr\u00e4gt, die empfindlichen aromatischen Verbindungen in den Pflanzen zu erhalten. Anders als bei der Wasserdampfdestillation, bei der die molekulare Zusammensetzung der \u00e4therischen \u00d6le durch die gro\u00dfe Hitze ver\u00e4ndert werden kann, bleibt bei der CO2-Extraktion die urspr\u00fcngliche chemische Zusammensetzung der Pflanze erhalten, was zu Aromen und D\u00fcften f\u00fchrt, die dem nat\u00fcrlichen Duft sehr nahe kommen.<\/p>\n<\/div><\/div><\/div><div class=\"fusion-panel panel-default panel-6cc9e6fa3cabed4c5 fusion-toggle-has-divider\" style=\"--awb-title-color:var(--awb-color8);--awb-content-color:var(--awb-color8);\"><div class=\"panel-heading\"><h4 class=\"panel-title toggle\" id=\"toggle_6cc9e6fa3cabed4c5\"><a aria-expanded=\"false\" aria-controls=\"6cc9e6fa3cabed4c5\" role=\"button\" data-toggle=\"collapse\" data-parent=\"#accordion-4522-1\" data-target=\"#6cc9e6fa3cabed4c5\" href=\"#6cc9e6fa3cabed4c5\"><span class=\"fusion-toggle-icon-wrapper\" aria-hidden=\"true\"><i class=\"fa-fusion-box active-icon fa-angle-up fas\" aria-hidden=\"true\"><\/i><i class=\"fa-fusion-box inactive-icon fa-angle-up fas\" aria-hidden=\"true\"><\/i><\/span><span class=\"fusion-toggle-heading\">Reinheit und Sicherheit<\/span><\/a><\/h4><\/div><div id=\"6cc9e6fa3cabed4c5\" class=\"panel-collapse collapse \" aria-labelledby=\"toggle_6cc9e6fa3cabed4c5\"><div class=\"panel-body toggle-content fusion-clearfix\">\n<p>CO2 ist ein ungiftiges, nicht entflammbares und inertes L\u00f6sungsmittel, was es sowohl f\u00fcr die Umwelt als auch f\u00fcr den Menschen sicher macht. Der Extraktionsprozess hinterl\u00e4sst keine R\u00fcckst\u00e4nde und gew\u00e4hrleistet, dass das Endprodukt rein und frei von Verunreinigungen ist.<\/p>\n<\/div><\/div><\/div><div class=\"fusion-panel panel-default panel-3feb023015b122c6a fusion-toggle-has-divider\" style=\"--awb-title-color:var(--awb-color8);--awb-content-color:var(--awb-color8);\"><div class=\"panel-heading\"><h4 class=\"panel-title toggle\" id=\"toggle_3feb023015b122c6a\"><a aria-expanded=\"false\" aria-controls=\"3feb023015b122c6a\" role=\"button\" data-toggle=\"collapse\" data-parent=\"#accordion-4522-1\" data-target=\"#3feb023015b122c6a\" href=\"#3feb023015b122c6a\"><span class=\"fusion-toggle-icon-wrapper\" aria-hidden=\"true\"><i class=\"fa-fusion-box active-icon fa-angle-up fas\" aria-hidden=\"true\"><\/i><i class=\"fa-fusion-box inactive-icon fa-angle-up fas\" aria-hidden=\"true\"><\/i><\/span><span class=\"fusion-toggle-heading\">Effizienz und Selektivit\u00e4t<\/span><\/a><\/h4><\/div><div id=\"3feb023015b122c6a\" class=\"panel-collapse collapse \" aria-labelledby=\"toggle_3feb023015b122c6a\"><div class=\"panel-body toggle-content fusion-clearfix\">\n<p>\u00dcberkritisches CO2 kann selektiv bestimmte Verbindungen extrahieren und erm\u00f6glicht so die Isolierung der gew\u00fcnschten aromatischen Molek\u00fcle, w\u00e4hrend unerw\u00fcnschte Substanzen zur\u00fcckbleiben. Das Ergebnis ist ein hochwertigerer Extrakt mit einem feinen und konzentrierten Duftprofil.<\/p>\n<\/div><\/div><\/div><div class=\"fusion-panel panel-default panel-ba69e3ba5be099ba8 fusion-toggle-has-divider\" style=\"--awb-title-color:var(--awb-color8);--awb-content-color:var(--awb-color8);\"><div class=\"panel-heading\"><h4 class=\"panel-title toggle\" id=\"toggle_ba69e3ba5be099ba8\"><a aria-expanded=\"false\" aria-controls=\"ba69e3ba5be099ba8\" role=\"button\" data-toggle=\"collapse\" data-parent=\"#accordion-4522-1\" data-target=\"#ba69e3ba5be099ba8\" href=\"#ba69e3ba5be099ba8\"><span class=\"fusion-toggle-icon-wrapper\" aria-hidden=\"true\"><i class=\"fa-fusion-box active-icon fa-angle-up fas\" aria-hidden=\"true\"><\/i><i class=\"fa-fusion-box inactive-icon fa-angle-up fas\" aria-hidden=\"true\"><\/i><\/span><span class=\"fusion-toggle-heading\">Breites Spektrum an Inhaltsstoffen<\/span><\/a><\/h4><\/div><div id=\"ba69e3ba5be099ba8\" class=\"panel-collapse collapse \" aria-labelledby=\"toggle_ba69e3ba5be099ba8\"><div class=\"panel-body toggle-content fusion-clearfix\">Die CO2-Extraktion kann im Vergleich zur Wasserdampfdestillation auch ein breiteres Spektrum an Inhaltsstoffen erfassen. Dazu geh\u00f6ren fl\u00fcchtige Verbindungen, Pigmente, Wachse und Harze, die zur Komplexit\u00e4t und Reichhaltigkeit des Duftes beitragen.<\/div><\/div><\/div><div class=\"fusion-panel panel-default panel-4cded2a1927512af5 fusion-toggle-has-divider\" style=\"--awb-title-color:var(--awb-color8);--awb-content-color:var(--awb-color8);\"><div class=\"panel-heading\"><h4 class=\"panel-title toggle\" id=\"toggle_4cded2a1927512af5\"><a aria-expanded=\"false\" aria-controls=\"4cded2a1927512af5\" role=\"button\" data-toggle=\"collapse\" data-parent=\"#accordion-4522-1\" data-target=\"#4cded2a1927512af5\" href=\"#4cded2a1927512af5\"><span class=\"fusion-toggle-icon-wrapper\" aria-hidden=\"true\"><i class=\"fa-fusion-box active-icon fa-angle-up fas\" aria-hidden=\"true\"><\/i><i class=\"fa-fusion-box inactive-icon fa-angle-up fas\" aria-hidden=\"true\"><\/i><\/span><span class=\"fusion-toggle-heading\">Antioxidantien<\/span><\/a><\/h4><\/div><div id=\"4cded2a1927512af5\" class=\"panel-collapse collapse \" aria-labelledby=\"toggle_4cded2a1927512af5\"><div class=\"panel-body toggle-content fusion-clearfix\">Mit \u00fcberkritischem CO2 extrahierte Antioxidantien sind sauber und behalten ihre positiven Eigenschaften. Diese Antioxidantien werden in Produkten verwendet, die der Gesundheit dienen und vor oxidativem Stress sch\u00fctzen. Der Extraktionsprozess stellt sicher, dass die Antioxidantien frei von Verunreinigungen sind und ihre Wirksamkeit beibehalten, so dass sie ideal f\u00fcr die Verwendung in gesundheitsf\u00f6rdernden kosmetischen Produkten sind.<\/div><\/div><\/div><\/div><\/div><div class=\"fusion-image-element \" style=\"--awb-margin-bottom-small:20px;--awb-caption-title-font-family:var(--h2_typography-font-family);--awb-caption-title-font-weight:var(--h2_typography-font-weight);--awb-caption-title-font-style:var(--h2_typography-font-style);--awb-caption-title-size:var(--h2_typography-font-size);--awb-caption-title-transform:var(--h2_typography-text-transform);--awb-caption-title-line-height:var(--h2_typography-line-height);--awb-caption-title-letter-spacing:var(--h2_typography-letter-spacing);\"><span class=\" fusion-imageframe imageframe-none imageframe-1 hover-type-zoomin\"><a href=\"https:\/\/natex.at\/wp-content\/uploads\/2025\/04\/cosmetic-01-neu.jpg\" class=\"fusion-lightbox\" data-rel=\"iLightbox[4f7fd945517577233af]\" data-caption=\"Spice extraction plant\" data-title=\"Spice extraction plant\" title=\"Spice extraction plant\"><img decoding=\"async\" width=\"1024\" height=\"474\" alt=\"Spice CO2 extraction plant\" src=\"https:\/\/natex.at\/wp-content\/uploads\/2025\/04\/cosmetic-01-neu.jpg\" class=\"img-responsive wp-image-4290\"\/><\/a><\/span><\/div><\/div><\/div><div class=\"fusion-layout-column fusion_builder_column fusion-builder-column-2 fusion_builder_column_1_2 1_2 fusion-flex-column fusion-flex-align-self-stretch\" style=\"--awb-bg-image:url(&#039;https:\/\/natex.at\/wp-content\/uploads\/2025\/04\/cosmetic-03.jpg&#039;);--awb-bg-position:right top;--awb-bg-size:cover;--awb-width-large:50%;--awb-spacing-right-large:3.84%;--awb-margin-bottom-large:0px;--awb-spacing-left-large:3.84%;--awb-width-medium:50%;--awb-order-medium:0;--awb-spacing-right-medium:3.84%;--awb-spacing-left-medium:3.84%;--awb-width-small:100%;--awb-order-small:0;--awb-spacing-right-small:1.92%;--awb-spacing-left-small:1.92%;\" data-scroll-devices=\"small-visibility,medium-visibility,large-visibility\"><div class=\"fusion-column-wrapper fusion-column-has-shadow fusion-flex-justify-content-flex-start fusion-content-layout-column fusion-empty-column-bg-image fusion-column-has-bg-image\" data-bg-url=\"https:\/\/natex.at\/wp-content\/uploads\/2025\/04\/cosmetic-03.jpg\"><img decoding=\"async\" class=\"fusion-empty-dims-img-placeholder\" alt=\"Supercritical CO2 extraction plant for Green lip mussle, krill and other products in New Zealand\" aria-label=\"Green lip mussle extraction\" src=\"data:image\/svg+xml,%3Csvg%20xmlns%3D%27http%3A%2F%2Fwww.w3.org%2F2000%2Fsvg%27%20width%3D%271024%27%20height%3D%27891%27%20viewBox%3D%270%200%201024%20891%27%3E%3Crect%20width%3D%271024%27%20height%3D%27891%27%20fill-opacity%3D%220%22%2F%3E%3C%2Fsvg%3E\"><\/div><\/div><\/div><\/div><div class=\"fusion-fullwidth fullwidth-box fusion-builder-row-2 fusion-flex-container has-pattern-background has-mask-background fusion-parallax-none nonhundred-percent-fullwidth non-hundred-percent-height-scrolling\" style=\"--awb-background-position:right bottom;--awb-border-radius-top-left:0px;--awb-border-radius-top-right:0px;--awb-border-radius-bottom-right:0px;--awb-border-radius-bottom-left:0px;--awb-padding-top:40px;--awb-padding-bottom:40px;--awb-padding-top-small:40px;--awb-padding-bottom-small:20px;--awb-background-image:url(&quot;https:\/\/natex.at\/wp-content\/uploads\/2025\/04\/cosmetic-bg-neu1.jpg&quot;);--awb-background-image-medium:url(&#039;https:\/\/natex.at\/wp-content\/uploads\/2025\/04\/bg-weiss.jpg&#039;);--awb-background-image-small:url(&#039;https:\/\/natex.at\/wp-content\/uploads\/2025\/04\/bg-weiss.jpg&#039;);--awb-background-size:cover;--awb-flex-wrap:wrap;\" ><div class=\"awb-background-mask\" style=\"background-image:  url(https:\/\/natex.at\/wp-content\/uploads\/2025\/04\/maske_bg.svg);opacity: 0.2 ;transform: scale(1, 1);mix-blend-mode:normal;\"><\/div><div class=\"fusion-builder-row fusion-row fusion-flex-align-items-flex-start fusion-flex-content-wrap\" style=\"max-width:1248px;margin-left: calc(-4% \/ 2 );margin-right: calc(-4% \/ 2 );\"><div class=\"fusion-layout-column fusion_builder_column fusion-builder-column-3 fusion_builder_column_1_2 1_2 fusion-flex-column fusion-flex-align-self-center\" style=\"--awb-padding-bottom-small:40px;--awb-bg-size:cover;--awb-width-large:50%;--awb-spacing-right-large:3.84%;--awb-margin-bottom-large:0px;--awb-spacing-left-large:3.84%;--awb-width-medium:50%;--awb-order-medium:0;--awb-spacing-right-medium:3.84%;--awb-spacing-left-medium:15.36%;--awb-width-small:100%;--awb-order-small:1;--awb-spacing-right-small:1.92%;--awb-spacing-left-small:1.92%;\" data-scroll-devices=\"small-visibility,medium-visibility,large-visibility\"><div class=\"fusion-column-wrapper fusion-column-has-shadow fusion-flex-justify-content-flex-start fusion-content-layout-column\"><div class=\"fusion-image-element \" style=\"--awb-caption-title-font-family:var(--h2_typography-font-family);--awb-caption-title-font-weight:var(--h2_typography-font-weight);--awb-caption-title-font-style:var(--h2_typography-font-style);--awb-caption-title-size:var(--h2_typography-font-size);--awb-caption-title-transform:var(--h2_typography-text-transform);--awb-caption-title-line-height:var(--h2_typography-line-height);--awb-caption-title-letter-spacing:var(--h2_typography-letter-spacing);\"><span class=\" fusion-imageframe imageframe-none imageframe-2 hover-type-none\"><img decoding=\"async\" width=\"1024\" height=\"1328\" title=\"Cosmetic Applications\" src=\"https:\/\/natex.at\/wp-content\/uploads\/2025\/04\/cosmetic-02-neu.jpg\" alt class=\"img-responsive wp-image-4389\"\/><\/span><\/div><\/div><\/div><div class=\"fusion-layout-column fusion_builder_column fusion-builder-column-4 fusion_builder_column_1_2 1_2 fusion-flex-column fusion-flex-align-self-center\" style=\"--awb-z-index:9999;--awb-padding-top:56px;--awb-padding-right:48px;--awb-padding-bottom:56px;--awb-padding-left:48px;--awb-bg-color:var(--awb-color1);--awb-bg-color-hover:var(--awb-color1);--awb-bg-size:cover;--awb-box-shadow:10px 10px 25px 5px hsla(var(--awb-color8-h),var(--awb-color8-s),var(--awb-color8-l),calc(var(--awb-color8-a) - 90%));;--awb-border-color:var(--awb-custom_color_4);--awb-border-color-hover:var(--awb-custom_color_3);--awb-border-top:0px;--awb-border-right:0px;--awb-border-bottom:0px;--awb-border-left:4px;--awb-border-style:solid;--awb-width-large:50%;--awb-margin-top-large:70px;--awb-spacing-right-large:3.84%;--awb-margin-bottom-large:70px;--awb-spacing-left-large:-80px;--awb-width-medium:50%;--awb-order-medium:0;--awb-spacing-right-medium:3.84%;--awb-spacing-left-medium:-80px;--awb-width-small:100%;--awb-order-small:0;--awb-spacing-right-small:1.92%;--awb-margin-bottom-small:40px;--awb-spacing-left-small:1.92%;\" data-scroll-devices=\"small-visibility,medium-visibility,large-visibility\"><div class=\"fusion-column-wrapper fusion-column-has-shadow fusion-flex-justify-content-flex-start fusion-content-layout-column\"><div class=\"fusion-title title fusion-title-2 fusion-sep-none fusion-title-text fusion-title-size-three\" style=\"--awb-margin-top-small:10px;--awb-margin-right-small:0px;--awb-margin-bottom-small:32px;--awb-margin-left-small:0px;\"><h3 class=\"fusion-title-heading title-heading-left\" style=\"margin:0;\">Beliebte kosmetische \u00d6le\/\u00e4therische \u00d6le<\/h3><\/div><div class=\"fusion-text fusion-text-2\"><p>f\u00fcr Hautpflege und Parfums extrahiert werden:<\/p>\n<\/div><ul style=\"--awb-item-padding-top:8px;--awb-iconcolor:var(--awb-custom_color_5);--awb-line-height:27.2px;--awb-icon-width:27.2px;--awb-icon-height:27.2px;--awb-icon-margin:11.2px;--awb-content-margin:38.4px;\" class=\"fusion-checklist fusion-checklist-1 type-icons\"><li class=\"fusion-li-item\" style=\"\"><span class=\"icon-wrapper circle-no\"><i class=\"fusion-li-icon fa-angle-right fas\" aria-hidden=\"true\"><\/i><\/span><div class=\"fusion-li-item-content\">Avocado<\/div><\/li><li class=\"fusion-li-item\" style=\"\"><span class=\"icon-wrapper circle-no\"><i class=\"fusion-li-icon fa-angle-right fas\" aria-hidden=\"true\"><\/i><\/span><div class=\"fusion-li-item-content\">Aprikosen\u00f6l<\/div><\/li><li class=\"fusion-li-item\" style=\"\"><span class=\"icon-wrapper circle-no\"><i class=\"fusion-li-icon fa-angle-right fas\" aria-hidden=\"true\"><\/i><\/span><div class=\"fusion-li-item-content\">Olive<\/div><\/li><li class=\"fusion-li-item\" style=\"\"><span class=\"icon-wrapper circle-no\"><i class=\"fusion-li-icon fa-angle-right fas\" aria-hidden=\"true\"><\/i><\/span><div class=\"fusion-li-item-content\">Lavendel<\/div><\/li><li class=\"fusion-li-item\" style=\"\"><span class=\"icon-wrapper circle-no\"><i class=\"fusion-li-icon fa-angle-right fas\" aria-hidden=\"true\"><\/i><\/span><div class=\"fusion-li-item-content\">Mandel<\/div><\/li><li class=\"fusion-li-item\" style=\"\"><span class=\"icon-wrapper circle-no\"><i class=\"fusion-li-icon fa-angle-right fas\" aria-hidden=\"true\"><\/i><\/span><div class=\"fusion-li-item-content\">Ringelblume<\/div><\/li><li class=\"fusion-li-item\" style=\"\"><span class=\"icon-wrapper circle-no\"><i class=\"fusion-li-icon fa-angle-right fas\" aria-hidden=\"true\"><\/i><\/span><div class=\"fusion-li-item-content\">Weihrauch<\/div><\/li><li class=\"fusion-li-item\" style=\"\"><span class=\"icon-wrapper circle-no\"><i class=\"fusion-li-icon fa-angle-right fas\" aria-hidden=\"true\"><\/i><\/span><div class=\"fusion-li-item-content\">Jojoba<\/div><\/li><li class=\"fusion-li-item\" style=\"\"><span class=\"icon-wrapper circle-no\"><i class=\"fusion-li-icon fa-angle-right fas\" aria-hidden=\"true\"><\/i><\/span><div class=\"fusion-li-item-content\">Granatapfel<\/div><\/li><li class=\"fusion-li-item\" style=\"\"><span class=\"icon-wrapper circle-no\"><i class=\"fusion-li-icon fa-angle-right fas\" aria-hidden=\"true\"><\/i><\/span><div class=\"fusion-li-item-content\">Rose<\/div><\/li><li class=\"fusion-li-item\" style=\"\"><span class=\"icon-wrapper circle-no\"><i class=\"fusion-li-icon fa-angle-right fas\" aria-hidden=\"true\"><\/i><\/span><div class=\"fusion-li-item-content\">\n<p>Hagebutte<\/p>\n<\/div><\/li><li class=\"fusion-li-item\" style=\"\"><span class=\"icon-wrapper circle-no\"><i class=\"fusion-li-icon fa-angle-right fas\" aria-hidden=\"true\"><\/i><\/span><div class=\"fusion-li-item-content\">Sandelholz<\/div><\/li><li class=\"fusion-li-item\" style=\"\"><span class=\"icon-wrapper circle-no\"><i class=\"fusion-li-icon fa-angle-right fas\" aria-hidden=\"true\"><\/i><\/span><div class=\"fusion-li-item-content\">Kokosnuss<\/div><\/li><li class=\"fusion-li-item\" style=\"\"><span class=\"icon-wrapper circle-no\"><i class=\"fusion-li-icon fa-angle-right fas\" aria-hidden=\"true\"><\/i><\/span><div class=\"fusion-li-item-content\">Vanille<\/div><\/li><li class=\"fusion-li-item\" style=\"\"><span class=\"icon-wrapper circle-no\"><i class=\"fusion-li-icon fa-angle-right fas\" aria-hidden=\"true\"><\/i><\/span><div class=\"fusion-li-item-content\">Traubenkerne und viele andere mehr<\/div><\/li><\/ul><\/div><\/div><div class=\"fusion-layout-column fusion_builder_column fusion-builder-column-5 fusion_builder_column_1_1 1_1 fusion-flex-column\" style=\"--awb-bg-size:cover;--awb-width-large:100%;--awb-spacing-right-large:1.92%;--awb-margin-bottom-large:0px;--awb-spacing-left-large:1.92%;--awb-width-medium:100%;--awb-order-medium:0;--awb-spacing-right-medium:1.92%;--awb-spacing-left-medium:1.92%;--awb-width-small:100%;--awb-order-small:0;--awb-spacing-right-small:1.92%;--awb-spacing-left-small:1.92%;\"><div class=\"fusion-column-wrapper fusion-column-has-shadow fusion-flex-justify-content-flex-start fusion-content-layout-column\"><\/div><\/div><\/div><\/div><\/p>\n","protected":false},"excerpt":{"rendered":"","protected":false},"author":1,"featured_media":0,"parent":0,"menu_order":0,"comment_status":"closed","ping_status":"closed","template":"100-width.php","meta":{"_acf_changed":false,"footnotes":""},"class_list":["post-4522","page","type-page","status-publish","hentry"],"acf":[],"_links":{"self":[{"href":"https:\/\/natex.at\/de\/wp-json\/wp\/v2\/pages\/4522","targetHints":{"allow":["GET"]}}],"collection":[{"href":"https:\/\/natex.at\/de\/wp-json\/wp\/v2\/pages"}],"about":[{"href":"https:\/\/natex.at\/de\/wp-json\/wp\/v2\/types\/page"}],"author":[{"embeddable":true,"href":"https:\/\/natex.at\/de\/wp-json\/wp\/v2\/users\/1"}],"replies":[{"embeddable":true,"href":"https:\/\/natex.at\/de\/wp-json\/wp\/v2\/comments?post=4522"}],"version-history":[{"count":0,"href":"https:\/\/natex.at\/de\/wp-json\/wp\/v2\/pages\/4522\/revisions"}],"wp:attachment":[{"href":"https:\/\/natex.at\/de\/wp-json\/wp\/v2\/media?parent=4522"}],"curies":[{"name":"wp","href":"https:\/\/api.w.org\/{rel}","templated":true}]}}