{"id":4528,"date":"2025-04-16T16:23:44","date_gmt":"2025-04-16T14:23:44","guid":{"rendered":"https:\/\/natex.at\/impregnation\/"},"modified":"2026-02-16T14:29:02","modified_gmt":"2026-02-16T13:29:02","slug":"impregnation","status":"publish","type":"page","link":"https:\/\/natex.at\/de\/impregnation\/","title":{"rendered":"\u00dcBERKRITISCHE CO2-IMPR\u00c4GNIERUNG"},"content":{"rendered":"<p><div class=\"fusion-fullwidth fullwidth-box fusion-builder-row-1 fusion-flex-container has-pattern-background has-mask-background nonhundred-percent-fullwidth non-hundred-percent-height-scrolling\" style=\"--awb-border-radius-top-left:0px;--awb-border-radius-top-right:0px;--awb-border-radius-bottom-right:0px;--awb-border-radius-bottom-left:0px;--awb-padding-top:70px;--awb-padding-bottom:80px;--awb-padding-top-medium:40px;--awb-padding-bottom-medium:40px;--awb-flex-wrap:wrap;\" ><div class=\"fusion-builder-row fusion-row fusion-flex-align-items-flex-start fusion-flex-content-wrap\" style=\"max-width:1248px;margin-left: calc(-4% \/ 2 );margin-right: calc(-4% \/ 2 );\"><div class=\"fusion-layout-column fusion_builder_column fusion-builder-column-0 fusion_builder_column_1_1 1_1 fusion-flex-column\" style=\"--awb-bg-color:var(--awb-color1);--awb-bg-color-hover:var(--awb-color1);--awb-bg-size:cover;--awb-width-large:100%;--awb-spacing-right-large:1.92%;--awb-margin-bottom-large:0px;--awb-spacing-left-large:1.92%;--awb-width-medium:100%;--awb-order-medium:0;--awb-spacing-right-medium:1.92%;--awb-spacing-left-medium:1.92%;--awb-width-small:100%;--awb-order-small:0;--awb-spacing-right-small:1.92%;--awb-spacing-left-small:1.92%;\" data-scroll-devices=\"small-visibility,medium-visibility,large-visibility\"><div class=\"fusion-column-wrapper fusion-column-has-shadow fusion-flex-justify-content-flex-start fusion-content-layout-column\"><div class=\"fusion-title title fusion-title-1 fusion-sep-none fusion-title-text fusion-title-size-two\" style=\"--awb-margin-top-small:10px;--awb-margin-right-small:0px;--awb-margin-bottom-small:10px;--awb-margin-left-small:0px;\"><h2 class=\"fusion-title-heading title-heading-left\" style=\"margin:0;text-transform:none;\">\u00dcberkritische Impr\u00e4gnierung mit CO\u2082<\/h2><\/div><div class=\"fusion-text fusion-text-1\" style=\"--awb-content-alignment:justify;\"><p>\u00dcberkritisches Kohlendioxid (CO\u2082) hat aufgrund seiner einzigartigen thermophysikalischen Eigenschaften Impr\u00e4gnierungsprozesse in verschiedenen Branchen verbessert. Dank seiner niedrigen Viskosit\u00e4t und hohen Diffusionsf\u00e4higkeit kann es por\u00f6se Materialien effektiver durchdringen als herk\u00f6mmliche Methoden. Dies f\u00fchrt zu einer gleichm\u00e4\u00dfigeren und effizienteren Verteilung der Impr\u00e4gniermittel im Material.  <\/p>\n<p>Einer der Hauptvorteile von \u00fcberkritischem CO\u2082 ist seine einstellbare L\u00f6sungskraft, die durch \u00c4nderung der Druck- und Temperaturbedingungen angepasst werden kann. Dies erm\u00f6glicht eine pr\u00e4zise Kontrolle \u00fcber den Impr\u00e4gnierungsprozess und gew\u00e4hrleistet eine optimale Interaktion zwischen dem CO\u2082, dem Impr\u00e4gniermittel und dem Material.<\/p>\n<\/div><\/div><\/div><\/div><\/div><div class=\"fusion-fullwidth fullwidth-box fusion-builder-row-2 fusion-flex-container has-pattern-background has-mask-background nonhundred-percent-fullwidth non-hundred-percent-height-scrolling\" style=\"--awb-border-radius-top-left:0px;--awb-border-radius-top-right:0px;--awb-border-radius-bottom-right:0px;--awb-border-radius-bottom-left:0px;--awb-padding-top:70px;--awb-padding-bottom:70px;--awb-padding-top-medium:50px;--awb-padding-bottom-medium:40px;--awb-background-color:rgba(226,227,230,0.3);--awb-flex-wrap:wrap;\" ><div class=\"awb-background-mask\" style=\"background-image:  url(https:\/\/natex.at\/wp-content\/uploads\/2025\/04\/maske_bg.svg);opacity: 0.2 ;transform: scale(1, 1);mix-blend-mode:normal;\"><\/div><div class=\"fusion-builder-row fusion-row fusion-flex-align-items-flex-start fusion-flex-content-wrap\" style=\"max-width:1248px;margin-left: calc(-4% \/ 2 );margin-right: calc(-4% \/ 2 );\"><div class=\"fusion-layout-column fusion_builder_column fusion-builder-column-1 fusion_builder_column_1_1 1_1 fusion-flex-column\" style=\"--awb-bg-size:cover;--awb-width-large:100%;--awb-spacing-right-large:1.92%;--awb-margin-bottom-large:0px;--awb-spacing-left-large:1.92%;--awb-width-medium:100%;--awb-order-medium:0;--awb-spacing-right-medium:1.92%;--awb-spacing-left-medium:1.92%;--awb-width-small:100%;--awb-order-small:0;--awb-spacing-right-small:1.92%;--awb-spacing-left-small:1.92%;\" data-scroll-devices=\"small-visibility,medium-visibility,large-visibility\"><div class=\"fusion-column-wrapper fusion-column-has-shadow fusion-flex-justify-content-flex-start fusion-content-layout-column\"><div class=\"fusion-title title fusion-title-2 fusion-sep-none fusion-title-text fusion-title-size-three\" style=\"--awb-margin-top:0px;--awb-margin-bottom:8px;--awb-margin-top-small:10px;--awb-margin-right-small:0px;--awb-margin-bottom-small:10px;--awb-margin-left-small:0px;\"><h3 class=\"fusion-title-heading title-heading-left\" style=\"margin:0;\">Anwendungen der superkritischen Impr\u00e4gnierung:<\/h3><\/div><div class=\"fusion-text fusion-text-2\"><p>Zu den etablierten Verfahren, die auf dieser Technologie basieren, geh\u00f6ren:<\/p>\n<\/div><div class=\"fusion-separator fusion-full-width-sep\" style=\"align-self: center;margin-left: auto;margin-right: auto;margin-top:25px;width:100%;\"><\/div><\/div><\/div><div class=\"fusion-layout-column fusion_builder_column fusion-builder-column-2 fusion_builder_column_1_3 1_3 fusion-flex-column fusion-flex-align-self-stretch\" style=\"--awb-padding-top:25px;--awb-padding-right:25px;--awb-padding-bottom:25px;--awb-padding-left:25px;--awb-bg-color:var(--awb-color1);--awb-bg-color-hover:var(--awb-color1);--awb-bg-size:cover;--awb-border-color:var(--awb-custom_color_4);--awb-border-bottom:2px;--awb-border-style:solid;--awb-width-large:33.333333333333%;--awb-spacing-right-large:5.76%;--awb-margin-bottom-large:40px;--awb-spacing-left-large:5.76%;--awb-width-medium:33.333333333333%;--awb-order-medium:0;--awb-spacing-right-medium:5.76%;--awb-spacing-left-medium:5.76%;--awb-width-small:100%;--awb-order-small:0;--awb-spacing-right-small:1.92%;--awb-spacing-left-small:1.92%;\" data-scroll-devices=\"small-visibility,medium-visibility,large-visibility\"><div class=\"fusion-column-wrapper fusion-column-has-shadow fusion-flex-justify-content-flex-start fusion-content-layout-column\"><div class=\"fusion-title title fusion-title-3 fusion-sep-none fusion-title-center fusion-title-text fusion-title-size-four\" style=\"--awb-margin-top-small:10px;--awb-margin-right-small:0px;--awb-margin-bottom-small:10px;--awb-margin-left-small:0px;\"><h4 class=\"fusion-title-heading title-heading-center\" style=\"margin:0;\">Holzkonservierung<\/h4><\/div><div class=\"fusion-text fusion-text-3\" style=\"--awb-content-alignment:center;\"><p><em>Superwood A\/S<\/em> in D\u00e4nemark ist ein Beispiel f\u00fcr die Verwendung von \u00fcberkritischem CO\u2082 bei der Holzbehandlung. Durch die Impr\u00e4gnierung von Holz mit Konservierungsmitteln unter Verwendung von CO\u2082 als L\u00f6sungsmittel wird eine gleichm\u00e4\u00dfige Verteilung der Schutzmittel im Holz erreicht. Dies erh\u00f6ht die Haltbarkeit und Widerstandsf\u00e4higkeit gegen Sch\u00e4dlinge und Umweltverschmutzung, ohne dass sch\u00e4dliche Chemikalien eingesetzt werden.   Au\u00dferdem erm\u00f6glicht dieses Verfahren die Behandlung von Fichte, einer refrakt\u00e4ren Holzart, auf die die normalen Druckimpr\u00e4gnierungsverfahren nicht angewendet werden k\u00f6nnen.<\/p>\n<\/div><\/div><\/div><div class=\"fusion-layout-column fusion_builder_column fusion-builder-column-3 fusion_builder_column_1_3 1_3 fusion-flex-column fusion-flex-align-self-stretch\" style=\"--awb-padding-top:25px;--awb-padding-right:25px;--awb-padding-bottom:25px;--awb-padding-left:25px;--awb-bg-color:var(--awb-color1);--awb-bg-color-hover:var(--awb-color1);--awb-bg-size:cover;--awb-border-color:var(--awb-custom_color_4);--awb-border-bottom:2px;--awb-border-style:solid;--awb-width-large:33.333333333333%;--awb-spacing-right-large:5.76%;--awb-margin-bottom-large:40px;--awb-spacing-left-large:5.76%;--awb-width-medium:33.333333333333%;--awb-order-medium:0;--awb-spacing-right-medium:5.76%;--awb-spacing-left-medium:5.76%;--awb-width-small:100%;--awb-order-small:0;--awb-spacing-right-small:1.92%;--awb-spacing-left-small:1.92%;\" data-scroll-devices=\"small-visibility,medium-visibility,large-visibility\"><div class=\"fusion-column-wrapper fusion-column-has-shadow fusion-flex-justify-content-flex-start fusion-content-layout-column\"><div class=\"fusion-title title fusion-title-4 fusion-sep-none fusion-title-center fusion-title-text fusion-title-size-four\" style=\"--awb-margin-top-small:10px;--awb-margin-right-small:0px;--awb-margin-bottom-small:10px;--awb-margin-left-small:0px;\"><h4 class=\"fusion-title-heading title-heading-center\" style=\"margin:0;\">Medizinische Materialien<\/h4><\/div><div class=\"fusion-text fusion-text-4\" style=\"--awb-content-alignment:center;\"><p>\u00dcberkritisches CO\u2082 wird verwendet, um Verb\u00e4nde und medizinische Ger\u00e4te mit Antibiotika oder antimikrobiellen Wirkstoffen zu impr\u00e4gnieren, auch Implantate mit n\u00fctzlichen Substanzen, die die Heilung erleichtern. Dieses Verfahren verleiht ihnen Eigenschaften, die die Heilung f\u00f6rdern und Infektionen verhindern.<\/p>\n<\/div><\/div><\/div><div class=\"fusion-layout-column fusion_builder_column fusion-builder-column-4 fusion_builder_column_1_3 1_3 fusion-flex-column fusion-flex-align-self-stretch\" style=\"--awb-padding-top:25px;--awb-padding-right:25px;--awb-padding-bottom:25px;--awb-padding-left:25px;--awb-bg-color:var(--awb-color1);--awb-bg-color-hover:var(--awb-color1);--awb-bg-size:cover;--awb-border-color:var(--awb-custom_color_4);--awb-border-bottom:2px;--awb-border-style:solid;--awb-width-large:33.333333333333%;--awb-spacing-right-large:5.76%;--awb-margin-bottom-large:40px;--awb-spacing-left-large:5.76%;--awb-width-medium:33.333333333333%;--awb-order-medium:0;--awb-spacing-right-medium:5.76%;--awb-spacing-left-medium:5.76%;--awb-width-small:100%;--awb-order-small:0;--awb-spacing-right-small:1.92%;--awb-spacing-left-small:1.92%;\" data-scroll-devices=\"small-visibility,medium-visibility,large-visibility\"><div class=\"fusion-column-wrapper fusion-column-has-shadow fusion-flex-justify-content-flex-start fusion-content-layout-column\"><div class=\"fusion-title title fusion-title-5 fusion-sep-none fusion-title-center fusion-title-text fusion-title-size-four\" style=\"--awb-margin-top-small:10px;--awb-margin-right-small:0px;--awb-margin-bottom-small:10px;--awb-margin-left-small:0px;\"><h4 class=\"fusion-title-heading title-heading-center\" style=\"margin:0;\">Textilveredelung<\/h4><\/div><div class=\"fusion-text fusion-text-5\" style=\"--awb-content-alignment:center;\"><p>Textilien werden mit Farbstoffen, Flammschutzmitteln oder funktionellen Additiven unter Verwendung von \u00fcberkritischem CO\u2082 impr\u00e4gniert. Das Verfahren sorgt f\u00fcr ein tiefes Eindringen dieser Mittel, ohne den Stoff zu besch\u00e4digen oder L\u00f6sungsmittelr\u00fcckst\u00e4nde zu hinterlassen, die die Haut bei Kontakt beeintr\u00e4chtigen k\u00f6nnten. Es hat auch das Potenzial, gef\u00e4hrliche Abwasserstr\u00f6me zu vermeiden, die voll von giftigen Chemikalien sind.<\/p>\n<\/div><\/div><\/div><div class=\"fusion-layout-column fusion_builder_column fusion-builder-column-5 fusion_builder_column_1_3 1_3 fusion-flex-column fusion-flex-align-self-stretch\" style=\"--awb-padding-top:25px;--awb-padding-right:25px;--awb-padding-bottom:25px;--awb-padding-left:25px;--awb-bg-color:var(--awb-color1);--awb-bg-color-hover:var(--awb-color1);--awb-bg-size:cover;--awb-border-color:var(--awb-custom_color_4);--awb-border-bottom:2px;--awb-border-style:solid;--awb-width-large:33.333333333333%;--awb-spacing-right-large:5.76%;--awb-margin-bottom-large:20px;--awb-spacing-left-large:5.76%;--awb-width-medium:33.333333333333%;--awb-order-medium:0;--awb-spacing-right-medium:5.76%;--awb-spacing-left-medium:5.76%;--awb-width-small:100%;--awb-order-small:0;--awb-spacing-right-small:1.92%;--awb-margin-bottom-small:40px;--awb-spacing-left-small:1.92%;\" data-scroll-devices=\"small-visibility,medium-visibility,large-visibility\"><div class=\"fusion-column-wrapper fusion-column-has-shadow fusion-flex-justify-content-flex-start fusion-content-layout-column\"><div class=\"fusion-title title fusion-title-6 fusion-sep-none fusion-title-center fusion-title-text fusion-title-size-four\" style=\"--awb-margin-top-small:10px;--awb-margin-right-small:0px;--awb-margin-bottom-small:10px;--awb-margin-left-small:0px;\"><h4 class=\"fusion-title-heading title-heading-center\" style=\"margin:0;\">Pharmazeutika<\/h4><\/div><div class=\"fusion-text fusion-text-6\" style=\"--awb-content-alignment:center;\"><p>Die Technologie wird verwendet, um pharmazeutische Wirkstoffe zur kontrollierten Wirkstofffreisetzung in Tr\u00e4ger zu laden. Dies erh\u00f6ht die Bioverf\u00fcgbarkeit und erm\u00f6glicht gezielte Verabreichungssysteme f\u00fcr Medikamente.<\/p>\n<\/div><\/div><\/div><div class=\"fusion-layout-column fusion_builder_column fusion-builder-column-6 fusion_builder_column_1_3 1_3 fusion-flex-column fusion-flex-align-self-stretch\" style=\"--awb-padding-top:25px;--awb-padding-right:25px;--awb-padding-bottom:25px;--awb-padding-left:25px;--awb-bg-color:var(--awb-color1);--awb-bg-color-hover:var(--awb-color1);--awb-bg-size:cover;--awb-border-color:var(--awb-custom_color_4);--awb-border-bottom:2px;--awb-border-style:solid;--awb-width-large:33.333333333333%;--awb-spacing-right-large:5.76%;--awb-margin-bottom-large:20px;--awb-spacing-left-large:5.76%;--awb-width-medium:33.333333333333%;--awb-order-medium:0;--awb-spacing-right-medium:5.76%;--awb-spacing-left-medium:5.76%;--awb-width-small:100%;--awb-order-small:0;--awb-spacing-right-small:1.92%;--awb-margin-bottom-small:40px;--awb-spacing-left-small:1.92%;\" data-scroll-devices=\"small-visibility,medium-visibility,large-visibility\"><div class=\"fusion-column-wrapper fusion-column-has-shadow fusion-flex-justify-content-flex-start fusion-content-layout-column\"><div class=\"fusion-title title fusion-title-7 fusion-sep-none fusion-title-center fusion-title-text fusion-title-size-four\" style=\"--awb-margin-top-small:10px;--awb-margin-right-small:0px;--awb-margin-bottom-small:10px;--awb-margin-left-small:0px;\"><h4 class=\"fusion-title-heading title-heading-center\" style=\"margin:0;\">Elektronik und Sensoren<\/h4><\/div><div class=\"fusion-text fusion-text-7\" style=\"--awb-content-alignment:center;\"><p>Die Impr\u00e4gnierung von Polymeren und anderen Substraten mit leitf\u00e4higen Materialien verbessert die Leistung von elektronischen Komponenten und Sensoren und erm\u00f6glicht so Fortschritte in Bereichen wie der Wearable Technology.<\/p>\n<\/div><\/div><\/div><div class=\"fusion-layout-column fusion_builder_column fusion-builder-column-7 fusion_builder_column_1_3 1_3 fusion-flex-column fusion-flex-align-self-stretch\" style=\"--awb-padding-top:25px;--awb-padding-right:25px;--awb-padding-bottom:25px;--awb-padding-left:25px;--awb-bg-color:var(--awb-color1);--awb-bg-color-hover:var(--awb-color1);--awb-bg-image:url(&#039;https:\/\/natex.at\/wp-content\/uploads\/2025\/08\/Flow-diagram-supercritical-CO2-impregnation.png&#039;);--awb-bg-size:cover;--awb-border-color:var(--awb-custom_color_4);--awb-border-bottom:2px;--awb-border-style:solid;--awb-width-large:33.333333333333%;--awb-spacing-right-large:5.76%;--awb-margin-bottom-large:20px;--awb-spacing-left-large:5.76%;--awb-width-medium:33.333333333333%;--awb-order-medium:0;--awb-spacing-right-medium:5.76%;--awb-spacing-left-medium:5.76%;--awb-width-small:100%;--awb-order-small:0;--awb-spacing-right-small:1.92%;--awb-spacing-left-small:1.92%;\" data-scroll-devices=\"small-visibility,medium-visibility,large-visibility\"><div class=\"fusion-column-wrapper fusion-column-has-shadow fusion-flex-justify-content-flex-start fusion-content-layout-column fusion-empty-column-bg-image fusion-column-has-bg-image\" data-bg-url=\"https:\/\/natex.at\/wp-content\/uploads\/2025\/08\/Flow-diagram-supercritical-CO2-impregnation.png\"><img decoding=\"async\" class=\"fusion-empty-dims-img-placeholder\" aria-label=\"Flow diagram supercritical CO2 impregnation\" src=\"data:image\/svg+xml,%3Csvg%20xmlns%3D%27http%3A%2F%2Fwww.w3.org%2F2000%2Fsvg%27%20width%3D%272198%27%20height%3D%271939%27%20viewBox%3D%270%200%202198%201939%27%3E%3Crect%20width%3D%272198%27%20height%3D%271939%27%20fill-opacity%3D%220%22%2F%3E%3C%2Fsvg%3E\"><\/div><\/div><div class=\"fusion-layout-column fusion_builder_column fusion-builder-column-8 fusion_builder_column_1_1 1_1 fusion-flex-column\" style=\"--awb-padding-top:20px;--awb-bg-size:cover;--awb-width-large:100%;--awb-spacing-right-large:1.92%;--awb-margin-bottom-large:0px;--awb-spacing-left-large:1.92%;--awb-width-medium:100%;--awb-order-medium:0;--awb-spacing-right-medium:1.92%;--awb-spacing-left-medium:1.92%;--awb-width-small:100%;--awb-order-small:0;--awb-spacing-right-small:1.92%;--awb-spacing-left-small:1.92%;\" data-scroll-devices=\"small-visibility,medium-visibility,large-visibility\"><div class=\"fusion-column-wrapper fusion-column-has-shadow fusion-flex-justify-content-flex-start fusion-content-layout-column\"><div class=\"fusion-text fusion-text-8\" style=\"--awb-content-alignment:justify;\"><p>Die Verwendung von superkritischem CO\u2082 in Impr\u00e4gnierprozessen stellt einen bedeutenden Fortschritt in Richtung umweltfreundlicher und effizienter industrieller Verfahren dar. Seine einzigartigen Eigenschaften verbessern nicht nur die Produktqualit\u00e4t, sondern stehen auch im Einklang mit Umwelt- und Sicherheitsstandards, was es zu einem wertvollen Werkzeug in der modernen Materialverarbeitung macht.<\/p>\n<\/div><\/div><\/div><\/div><\/div><div class=\"fusion-fullwidth fullwidth-box fusion-builder-row-3 fusion-flex-container has-pattern-background has-mask-background nonhundred-percent-fullwidth non-hundred-percent-height-scrolling\" style=\"--awb-border-radius-top-left:0px;--awb-border-radius-top-right:0px;--awb-border-radius-bottom-right:0px;--awb-border-radius-bottom-left:0px;--awb-padding-top:80px;--awb-padding-bottom:70px;--awb-flex-wrap:wrap;\" ><div class=\"fusion-builder-row fusion-row fusion-flex-align-items-flex-start fusion-flex-content-wrap\" style=\"max-width:1248px;margin-left: calc(-4% \/ 2 );margin-right: calc(-4% \/ 2 );\"><div class=\"fusion-layout-column fusion_builder_column fusion-builder-column-9 fusion-flex-column fusion-flex-align-self-center\" style=\"--awb-bg-color:var(--awb-custom_color_4);--awb-bg-color-hover:var(--awb-custom_color_4);--awb-bg-size:cover;--awb-width-large:66%;--awb-spacing-right-large:2.9090909090909%;--awb-margin-bottom-large:0px;--awb-spacing-left-large:2.9090909090909%;--awb-width-medium:100%;--awb-order-medium:0;--awb-spacing-right-medium:18px;--awb-margin-bottom-medium:0px;--awb-spacing-left-medium:18px;--awb-width-small:100%;--awb-order-small:0;--awb-spacing-right-small:1.92%;--awb-spacing-left-small:1.92%;\" data-scroll-devices=\"small-visibility,medium-visibility,large-visibility\"><div class=\"fusion-column-wrapper fusion-column-has-shadow fusion-flex-justify-content-flex-start fusion-content-layout-column\"><div class=\"fusion-image-element md-text-align-center sm-text-align-center\" style=\"--awb-caption-title-font-family:var(--h2_typography-font-family);--awb-caption-title-font-weight:var(--h2_typography-font-weight);--awb-caption-title-font-style:var(--h2_typography-font-style);--awb-caption-title-size:var(--h2_typography-font-size);--awb-caption-title-transform:var(--h2_typography-text-transform);--awb-caption-title-line-height:var(--h2_typography-line-height);--awb-caption-title-letter-spacing:var(--h2_typography-letter-spacing);\"><span class=\" fusion-imageframe imageframe-none imageframe-1 hover-type-none\"><img decoding=\"async\" width=\"1800\" height=\"1505\" alt=\"impregnation equipment for wood boards with supercritical CO2 \" title=\"Impregnation Maschine\" src=\"https:\/\/natex.at\/wp-content\/uploads\/2025\/04\/impregnation-03-1.jpg\" class=\"img-responsive wp-image-4390\"\/><\/span><\/div><\/div><\/div><div class=\"fusion-layout-column fusion_builder_column fusion-builder-column-10 fusion-flex-column fusion-flex-align-self-center\" style=\"--awb-z-index:9999;--awb-padding-top:56px;--awb-padding-right:48px;--awb-padding-bottom:56px;--awb-padding-left:48px;--awb-bg-color:var(--awb-color1);--awb-bg-color-hover:var(--awb-color1);--awb-bg-size:cover;--awb-box-shadow:10px 10px 25px 5px hsla(var(--awb-color8-h),var(--awb-color8-s),var(--awb-color8-l),calc(var(--awb-color8-a) - 90%));;--awb-border-color:var(--awb-custom_color_4);--awb-border-color-hover:var(--awb-custom_color_5);--awb-border-top:0px;--awb-border-right:0px;--awb-border-bottom:0px;--awb-border-left:4px;--awb-border-style:solid;--awb-width-large:34%;--awb-spacing-right-large:5.6470588235294%;--awb-margin-bottom-large:0px;--awb-spacing-left-large:-80px;--awb-width-medium:100%;--awb-order-medium:0;--awb-spacing-right-medium:1.92%;--awb-spacing-left-medium:17.68px;--awb-width-small:100%;--awb-order-small:0;--awb-spacing-right-small:1.92%;--awb-spacing-left-small:1.92%;\" data-scroll-devices=\"small-visibility,medium-visibility,large-visibility\"><div class=\"fusion-column-wrapper fusion-column-has-shadow fusion-flex-justify-content-center fusion-content-layout-column\"><div class=\"fusion-text fusion-text-9\"><p>Wir bei <strong>NATEX Prozesstechnologie GesmbH<\/strong> verf\u00fcgen \u00fcber umfangreiche Erfahrungen mit \u00fcberkritischen Impr\u00e4gnierverfahren und deren Scale-up vom Pilot- bis zum Industriema\u00dfstab. Unser Fachwissen erm\u00f6glicht es uns, ma\u00dfgeschneiderte L\u00f6sungen zu entwickeln, die die spezifischen Bed\u00fcrfnisse unserer Kunden erf\u00fcllen und gleichzeitig effizient und nachhaltig sind. Mit unseren modernen Anlagen und unserem sachkundigen Team, sind wir f\u00fchrend bei der Implementierung \u00fcberkritischer CO\u2082-Technologien f\u00fcr verschiedene Anwendungen. Dies inkludiert die Herstellung von Mustern f\u00fcr potenzielle Kunden in unseren internen Anlagen.<\/p>\n<\/div><\/div><\/div><\/div><\/div><\/p>\n","protected":false},"excerpt":{"rendered":"","protected":false},"author":1,"featured_media":0,"parent":0,"menu_order":0,"comment_status":"closed","ping_status":"closed","template":"100-width.php","meta":{"_acf_changed":false,"footnotes":""},"class_list":["post-4528","page","type-page","status-publish","hentry"],"acf":[],"_links":{"self":[{"href":"https:\/\/natex.at\/de\/wp-json\/wp\/v2\/pages\/4528","targetHints":{"allow":["GET"]}}],"collection":[{"href":"https:\/\/natex.at\/de\/wp-json\/wp\/v2\/pages"}],"about":[{"href":"https:\/\/natex.at\/de\/wp-json\/wp\/v2\/types\/page"}],"author":[{"embeddable":true,"href":"https:\/\/natex.at\/de\/wp-json\/wp\/v2\/users\/1"}],"replies":[{"embeddable":true,"href":"https:\/\/natex.at\/de\/wp-json\/wp\/v2\/comments?post=4528"}],"version-history":[{"count":5,"href":"https:\/\/natex.at\/de\/wp-json\/wp\/v2\/pages\/4528\/revisions"}],"predecessor-version":[{"id":5417,"href":"https:\/\/natex.at\/de\/wp-json\/wp\/v2\/pages\/4528\/revisions\/5417"}],"wp:attachment":[{"href":"https:\/\/natex.at\/de\/wp-json\/wp\/v2\/media?parent=4528"}],"curies":[{"name":"wp","href":"https:\/\/api.w.org\/{rel}","templated":true}]}}