{"id":4529,"date":"2025-04-16T10:52:22","date_gmt":"2025-04-16T08:52:22","guid":{"rendered":"https:\/\/natex.at\/lebensmittel-und-nutrazeutika\/"},"modified":"2025-07-08T16:51:42","modified_gmt":"2025-07-08T14:51:42","slug":"lebensmittel-und-nutrazeutika","status":"publish","type":"page","link":"https:\/\/natex.at\/de\/lebensmittel-und-nutrazeutika\/","title":{"rendered":"LEBENSMITTEL UND NUTRAZEUTIKA"},"content":{"rendered":"<p><div class=\"fusion-fullwidth fullwidth-box fusion-builder-row-1 fusion-flex-container has-pattern-background has-mask-background nonhundred-percent-fullwidth non-hundred-percent-height-scrolling\" style=\"--awb-border-radius-top-left:0px;--awb-border-radius-top-right:0px;--awb-border-radius-bottom-right:0px;--awb-border-radius-bottom-left:0px;--awb-padding-top:70px;--awb-padding-bottom:80px;--awb-padding-top-medium:40px;--awb-padding-bottom-medium:70px;--awb-flex-wrap:wrap;\" ><div class=\"fusion-builder-row fusion-row fusion-flex-align-items-flex-start fusion-flex-content-wrap\" style=\"max-width:1248px;margin-left: calc(-4% \/ 2 );margin-right: calc(-4% \/ 2 );\"><div class=\"fusion-layout-column fusion_builder_column fusion-builder-column-0 fusion_builder_column_1_1 1_1 fusion-flex-column\" style=\"--awb-bg-color:var(--awb-color1);--awb-bg-color-hover:var(--awb-color1);--awb-bg-size:cover;--awb-width-large:100%;--awb-spacing-right-large:1.92%;--awb-margin-bottom-large:0px;--awb-spacing-left-large:1.92%;--awb-width-medium:100%;--awb-order-medium:0;--awb-spacing-right-medium:1.92%;--awb-spacing-left-medium:1.92%;--awb-width-small:100%;--awb-order-small:0;--awb-spacing-right-small:1.92%;--awb-spacing-left-small:1.92%;\" data-scroll-devices=\"small-visibility,medium-visibility,large-visibility\"><div class=\"fusion-column-wrapper fusion-column-has-shadow fusion-flex-justify-content-flex-start fusion-content-layout-column\"><div class=\"fusion-title title fusion-title-1 fusion-sep-none fusion-title-text fusion-title-size-two\" style=\"--awb-margin-top-small:10px;--awb-margin-right-small:0px;--awb-margin-bottom-small:10px;--awb-margin-left-small:0px;\"><h2 class=\"fusion-title-heading title-heading-left\" style=\"margin:0;\">Lebensmittel und Nutrazeutika<\/h2><\/div><\/div><\/div><div class=\"fusion-layout-column fusion_builder_column fusion-builder-column-1 fusion_builder_column_1_2 1_2 fusion-flex-column fusion-flex-align-self-stretch\" style=\"--awb-bg-size:cover;--awb-width-large:50%;--awb-spacing-right-large:3.84%;--awb-margin-bottom-large:0px;--awb-spacing-left-large:3.84%;--awb-width-medium:100%;--awb-order-medium:0;--awb-spacing-right-medium:1.92%;--awb-spacing-left-medium:1.92%;--awb-width-small:100%;--awb-order-small:0;--awb-spacing-right-small:1.92%;--awb-spacing-left-small:1.92%;\" data-scroll-devices=\"small-visibility,medium-visibility,large-visibility\"><div class=\"fusion-column-wrapper fusion-column-has-shadow fusion-flex-justify-content-flex-start fusion-content-layout-column\"><div class=\"fusion-text fusion-text-1 hyphens\" style=\"--awb-content-alignment:justify;\"><p>Die Lebensmittel- und Nutrazeutikaindustrie ist heute auf der Suche nach nat\u00fcrlichen Inhaltsstoffen, die frei von Schadstoffen sind. Die \u00fcberkritische CO2-Extraktion hat sich als \u201egr\u00fcne\u201c und nachhaltige Technologie etabliert und stellt eine attraktive Alternative zu herk\u00f6mmlichen Methoden dar. L\u00f6sungsmittelfreie Produkte sind Schl\u00fcsselelemente von gesundheitsf\u00f6rdernden funktionellen Lebensmitteln und Zutaten. Diese Technologie erm\u00f6glicht die Extraktion hochwertiger Verbindungen ohne Verwendung sch\u00e4dlicher L\u00f6sungsmittel und gew\u00e4hrleistet, dass die Endprodukte sicher und vorteilhaft f\u00fcr die Verbraucher sind.<\/p>\n<\/div><div class=\"fusion-title title fusion-title-2 fusion-sep-none fusion-title-text fusion-title-size-three\" style=\"--awb-margin-top-small:10px;--awb-margin-right-small:0px;--awb-margin-bottom-small:10px;--awb-margin-left-small:0px;\"><h3 class=\"fusion-title-heading title-heading-left\" style=\"margin:0;text-transform:none;\">Pioniere f\u00fcr hygienische L\u00f6sungen in gro\u00dfem Ma\u00dfstab<\/h3><\/div><div class=\"fusion-text fusion-text-2 hyphens\" style=\"--awb-content-alignment:justify;\"><p>Die gr\u00f6\u00dfte Herausforderung f\u00fcr CO2-basierte Prozesse in der Lebensmittelindustrie ist die gro\u00dfe Kapazit\u00e4t. Durch den Bau der gr\u00f6\u00dften Anlagen der Welt und das st\u00e4ndige Infragestellen des Status quo stellt NATEX die Rentabilit\u00e4t der Prozesse sicher. Die Vergr\u00f6\u00dferung einer Anlage macht sie nicht nur wirtschaftlicher, sondern auch nachhaltiger. Dies wird durch die Installation von modernen CO2-R\u00fcckgewinnungssystemen und Energieoptimierung erreicht. Unsere Extraktionsanlagen mit hygienischem Design liefern Extrakte von h\u00f6chster Qualit\u00e4t und erf\u00fcllen die aktuellen Anforderungen der Aufsichtsbeh\u00f6rden.    <\/p>\n<p>Gro\u00dfindustrielle CO2-Extraktionsanlagen sind f\u00fcr die Verarbeitung gro\u00dfer Mengen von Rohstoffen ausgelegt und eignen sich daher f\u00fcr industrielle Anwendungen. Diese Anlagen sind mit fortschrittlichen CO2-R\u00fcckgewinnungssystemen ausgestattet, die den Verbrauch von CO2 minimieren und die Betriebskosten senken. Es werden Techniken zur Energieoptimierung eingesetzt, um sicherzustellen, dass die Prozesse effizient und umweltfreundlich sind. Durch den Einsatz dieser Technologien ist NATEX in der Lage, L\u00f6sungen anzubieten, die sowohl wirtschaftlich als auch nachhaltig sind.<\/p>\n<\/div><\/div><\/div><div class=\"fusion-layout-column fusion_builder_column fusion-builder-column-2 fusion_builder_column_1_2 1_2 fusion-flex-column fusion-flex-align-self-stretch\" style=\"--awb-bg-size:cover;--awb-width-large:50%;--awb-spacing-right-large:3.84%;--awb-margin-bottom-large:0px;--awb-spacing-left-large:3.84%;--awb-width-medium:100%;--awb-order-medium:1;--awb-spacing-right-medium:1.92%;--awb-spacing-left-medium:1.92%;--awb-width-small:100%;--awb-order-small:0;--awb-spacing-right-small:1.92%;--awb-spacing-left-small:1.92%;\" data-scroll-devices=\"small-visibility,medium-visibility,large-visibility\"><div class=\"fusion-column-wrapper fusion-column-has-shadow fusion-flex-justify-content-flex-start fusion-content-layout-column\"><div class=\"fusion-image-element \" style=\"--awb-caption-title-font-family:var(--h2_typography-font-family);--awb-caption-title-font-weight:var(--h2_typography-font-weight);--awb-caption-title-font-style:var(--h2_typography-font-style);--awb-caption-title-size:var(--h2_typography-font-size);--awb-caption-title-transform:var(--h2_typography-text-transform);--awb-caption-title-line-height:var(--h2_typography-line-height);--awb-caption-title-letter-spacing:var(--h2_typography-letter-spacing);\"><span class=\" fusion-imageframe imageframe-none imageframe-1 hover-type-zoomin\"><a href=\"https:\/\/natex.at\/wp-content\/uploads\/2025\/04\/food-plant-top-neu.jpg\" class=\"fusion-lightbox\" data-rel=\"iLightbox[e87faceafecf6bc68ce]\" data-caption=\"Food Plant Top\" data-title=\"Food Plant Top\" title=\"Food Plant Top\"><img decoding=\"async\" width=\"1024\" height=\"1516\" alt=\"Big size Food Plant using supercritical CO2 for extraction of valuable substances\" src=\"https:\/\/natex.at\/wp-content\/uploads\/2025\/04\/food-plant-top-neu.jpg\" class=\"img-responsive wp-image-4408\"\/><\/a><\/span><\/div><\/div><\/div><\/div><\/div><div class=\"fusion-fullwidth fullwidth-box fusion-builder-row-2 fusion-flex-container has-pattern-background has-mask-background nonhundred-percent-fullwidth non-hundred-percent-height-scrolling\" style=\"--awb-border-radius-top-left:0px;--awb-border-radius-top-right:0px;--awb-border-radius-bottom-right:0px;--awb-border-radius-bottom-left:0px;--awb-padding-top:70px;--awb-padding-bottom:70px;--awb-padding-top-medium:40px;--awb-padding-bottom-medium:40px;--awb-background-color:rgba(226,227,230,0.3);--awb-flex-wrap:wrap;\" ><div class=\"awb-background-mask\" style=\"background-image:  url(https:\/\/natex.at\/wp-content\/uploads\/2025\/04\/maske_bg.svg);opacity: 0.2 ;transform: scale(1, 1);mix-blend-mode:normal;\"><\/div><div class=\"fusion-builder-row fusion-row fusion-flex-align-items-flex-start fusion-flex-content-wrap\" style=\"max-width:1248px;margin-left: calc(-4% \/ 2 );margin-right: calc(-4% \/ 2 );\"><div class=\"fusion-layout-column fusion_builder_column fusion-builder-column-3 fusion_builder_column_1_1 1_1 fusion-flex-column\" style=\"--awb-bg-size:cover;--awb-width-large:100%;--awb-spacing-right-large:1.92%;--awb-margin-bottom-large:0px;--awb-spacing-left-large:1.92%;--awb-width-medium:100%;--awb-order-medium:0;--awb-spacing-right-medium:1.92%;--awb-spacing-left-medium:1.92%;--awb-width-small:100%;--awb-order-small:0;--awb-spacing-right-small:1.92%;--awb-spacing-left-small:1.92%;\" data-scroll-devices=\"small-visibility,medium-visibility,large-visibility\"><div class=\"fusion-column-wrapper fusion-column-has-shadow fusion-flex-justify-content-flex-start fusion-content-layout-column\"><div class=\"fusion-title title fusion-title-3 fusion-sep-none fusion-title-text fusion-title-size-three\" style=\"--awb-margin-top:0px;--awb-margin-bottom:8px;--awb-margin-top-small:10px;--awb-margin-right-small:0px;--awb-margin-bottom-small:10px;--awb-margin-left-small:0px;\"><h3 class=\"fusion-title-heading title-heading-left\" style=\"margin:0;\">Bio-Zertifizierung<\/h3><\/div><div class=\"fusion-text fusion-text-3 hyphens\" style=\"--awb-content-alignment:justify;\"><p>Die Bio-Zertifizierung spielt eine immer wichtigere Rolle f\u00fcr die gesamte Lebensmittel- und Nutrazeutika-Industrie. Durch die Verwendung von CO2 k\u00f6nnen Bio-Zertifizierungen leicht erreicht werden. Die \u00fcberkritische CO2-Extraktion ist ein sauberes Verfahren, bei dem keine giftigen oder synthetischen Chemikalien verwendet werden, was es ideal f\u00fcr die Herstellung von Bioprodukten macht. Das Verfahren selbst entspricht den Bio-Standards, so dass die Endprodukte ebenfalls als Bio-Produkte zertifiziert werden k\u00f6nnen.<br \/>\nBio-Produkte werden zunehmend nachgefragt, da die Verbraucher immer gesundheits- und umweltbewusster werden. Die M\u00f6glichkeit, biologische Extrakte mit Hilfe der \u00fcberkritischen CO2-Technologie herzustellen, bietet einen Wettbewerbsvorteil f\u00fcr Unternehmen in der Lebensmittel- und Nutrazeutikaindustrie. Diese Produkte werden als ges\u00fcnder und nachhaltiger wahrgenommen, was den Vorlieben der modernen Verbraucher entspricht.<\/p>\n<\/div><\/div><\/div><\/div><\/div><div class=\"fusion-fullwidth fullwidth-box fusion-builder-row-3 fusion-flex-container has-pattern-background has-mask-background fusion-parallax-none nonhundred-percent-fullwidth non-hundred-percent-height-scrolling\" style=\"--awb-background-position:right bottom;--awb-background-position-medium:left top;--awb-background-position-small:left bottom;--awb-border-radius-top-left:0px;--awb-border-radius-top-right:0px;--awb-border-radius-bottom-right:0px;--awb-border-radius-bottom-left:0px;--awb-padding-top:70px;--awb-padding-bottom:70px;--awb-padding-top-medium:70px;--awb-padding-right-medium:40px;--awb-padding-bottom-medium:70px;--awb-padding-left-medium:40px;--awb-background-image:url(&quot;https:\/\/natex.at\/wp-content\/uploads\/2025\/04\/bg-chilli-neu-.jpg&quot;);--awb-background-image-medium:url(&#039;https:\/\/natex.at\/wp-content\/uploads\/2025\/04\/bg-weiss.jpg&#039;);--awb-background-size:cover;--awb-flex-wrap:wrap;\" ><div class=\"fusion-builder-row fusion-row fusion-flex-align-items-flex-start fusion-flex-content-wrap\" style=\"max-width:1248px;margin-left: calc(-4% \/ 2 );margin-right: calc(-4% \/ 2 );\"><div class=\"fusion-layout-column fusion_builder_column fusion-builder-column-4 fusion_builder_column_1_2 1_2 fusion-flex-column fusion-flex-align-self-center\" style=\"--awb-bg-size:cover;--awb-width-large:50%;--awb-spacing-right-large:3.84%;--awb-margin-bottom-large:0px;--awb-spacing-left-large:3.84%;--awb-width-medium:50%;--awb-order-medium:0;--awb-spacing-right-medium:3.84%;--awb-spacing-left-medium:15.36%;--awb-width-small:100%;--awb-order-small:1;--awb-spacing-right-small:0px;--awb-spacing-left-small:0px;\" data-scroll-devices=\"small-visibility,medium-visibility,large-visibility\"><div class=\"fusion-column-wrapper fusion-column-has-shadow fusion-flex-justify-content-flex-start fusion-content-layout-column\"><div class=\"fusion-image-element \" style=\"--awb-caption-title-font-family:var(--h2_typography-font-family);--awb-caption-title-font-weight:var(--h2_typography-font-weight);--awb-caption-title-font-style:var(--h2_typography-font-style);--awb-caption-title-size:var(--h2_typography-font-size);--awb-caption-title-transform:var(--h2_typography-text-transform);--awb-caption-title-line-height:var(--h2_typography-line-height);--awb-caption-title-letter-spacing:var(--h2_typography-letter-spacing);\"><span class=\" fusion-imageframe imageframe-none imageframe-2 hover-type-none\"><img decoding=\"async\" width=\"1024\" height=\"1328\" title=\"Food and Nutraceuticals\" src=\"https:\/\/natex.at\/wp-content\/uploads\/2025\/04\/industries-food-02-neu.jpg\" alt class=\"img-responsive wp-image-4379\"\/><\/span><\/div><\/div><\/div><div class=\"fusion-layout-column fusion_builder_column fusion-builder-column-5 fusion_builder_column_1_2 1_2 fusion-flex-column fusion-flex-align-self-center\" style=\"--awb-z-index:9999;--awb-padding-top:56px;--awb-padding-right:48px;--awb-padding-bottom:56px;--awb-padding-left:48px;--awb-bg-color:var(--awb-color1);--awb-bg-color-hover:var(--awb-color1);--awb-bg-position:center center;--awb-bg-size:cover;--awb-box-shadow:10px 10px 25px 5px hsla(var(--awb-color8-h),var(--awb-color8-s),var(--awb-color8-l),calc(var(--awb-color8-a) - 90%));;--awb-border-color:var(--awb-custom_color_4);--awb-border-color-hover:var(--awb-custom_color_3);--awb-border-top:0px;--awb-border-right:0px;--awb-border-bottom:0px;--awb-border-left:4px;--awb-border-style:solid;--awb-width-large:50%;--awb-spacing-right-large:3.84%;--awb-margin-bottom-large:0px;--awb-spacing-left-large:-80px;--awb-width-medium:50%;--awb-order-medium:0;--awb-spacing-right-medium:3.84%;--awb-spacing-left-medium:-80px;--awb-width-small:100%;--awb-order-small:0;--awb-margin-top-small:0px;--awb-spacing-right-small:0px;--awb-spacing-left-small:0px;\" data-scroll-devices=\"small-visibility,medium-visibility,large-visibility\"><div class=\"fusion-column-wrapper fusion-column-has-shadow fusion-flex-justify-content-flex-start fusion-content-layout-column\"><div class=\"fusion-title title fusion-title-4 fusion-sep-none fusion-title-text fusion-title-size-three\" style=\"--awb-margin-top-small:10px;--awb-margin-right-small:0px;--awb-margin-bottom-small:32px;--awb-margin-left-small:0px;\"><h3 class=\"fusion-title-heading title-heading-left\" style=\"margin:0;\">Anwendungen<\/h3><\/div><ul style=\"--awb-item-padding-top:8px;--awb-iconcolor:var(--awb-custom_color_5);--awb-line-height:27.2px;--awb-icon-width:27.2px;--awb-icon-height:27.2px;--awb-icon-margin:11.2px;--awb-content-margin:38.4px;\" class=\"fusion-checklist fusion-checklist-1 type-icons\"><li class=\"fusion-li-item\" style=\"\"><span class=\"icon-wrapper circle-no\"><i class=\"fusion-li-icon fa-angle-right fas\" aria-hidden=\"true\"><\/i><\/span><div class=\"fusion-li-item-content\">Entfettung von Lebensmitteln und Entfernung von unerw\u00fcnschten Stoffen<\/div><\/li><li class=\"fusion-li-item\" style=\"\"><span class=\"icon-wrapper circle-no\"><i class=\"fusion-li-icon fa-angle-right fas\" aria-hidden=\"true\"><\/i><\/span><div class=\"fusion-li-item-content\">Entkoffeinierung von Kaffee und Tee<\/div><\/li><li class=\"fusion-li-item\" style=\"\"><span class=\"icon-wrapper circle-no\"><i class=\"fusion-li-icon fa-angle-right fas\" aria-hidden=\"true\"><\/i><\/span><div class=\"fusion-li-item-content\">Extraktion von hochwertigen Spezial\u00f6len<\/div><\/li><li class=\"fusion-li-item\" style=\"\"><span class=\"icon-wrapper circle-no\"><i class=\"fusion-li-icon fa-angle-right fas\" aria-hidden=\"true\"><\/i><\/span><div class=\"fusion-li-item-content\">Extraktion von Hopfen und Hanf<\/div><\/li><li class=\"fusion-li-item\" style=\"\"><span class=\"icon-wrapper circle-no\"><i class=\"fusion-li-icon fa-angle-right fas\" aria-hidden=\"true\"><\/i><\/span><div class=\"fusion-li-item-content\">Extraktion von Antioxidantien, \u00e4therischen \u00d6len, Aromen und Geschmacksstoffen<\/div><\/li><li class=\"fusion-li-item\" style=\"\"><span class=\"icon-wrapper circle-no\"><i class=\"fusion-li-icon fa-angle-right fas\" aria-hidden=\"true\"><\/i><\/span><div class=\"fusion-li-item-content\">Oleoresine, nat\u00fcrliche Farbstoffe aus Gew\u00fcrzen und Kr\u00e4utern<\/div><\/li><li class=\"fusion-li-item\" style=\"\"><span class=\"icon-wrapper circle-no\"><i class=\"fusion-li-icon fa-angle-right fas\" aria-hidden=\"true\"><\/i><\/span><div class=\"fusion-li-item-content\">Oleoresine und \u00e4therische \u00d6le aus Gew\u00fcrzen wie Chili, Pfeffer, Ingwer, Kurkuma, Paprika, Vanille<\/div><\/li><li class=\"fusion-li-item\" style=\"\"><span class=\"icon-wrapper circle-no\"><i class=\"fusion-li-icon fa-angle-right fas\" aria-hidden=\"true\"><\/i><\/span><div class=\"fusion-li-item-content\">Carotinoide, Astaxanthin aus Algen oder Krill<\/div><\/li><li class=\"fusion-li-item\" style=\"\"><span class=\"icon-wrapper circle-no\"><i class=\"fusion-li-icon fa-angle-right fas\" aria-hidden=\"true\"><\/i><\/span><div class=\"fusion-li-item-content\">Getreidepresskuchen und Kleie (Entfettung und \u00d6l) wie Soja-, Sonnenblumen- oder Reiskleie<\/div><\/li><li class=\"fusion-li-item\" style=\"\"><span class=\"icon-wrapper circle-no\"><i class=\"fusion-li-icon fa-angle-right fas\" aria-hidden=\"true\"><\/i><\/span><div class=\"fusion-li-item-content\">Hopfenextrakt (Alphas\u00e4uren)<\/div><\/li><li class=\"fusion-li-item\" style=\"\"><span class=\"icon-wrapper circle-no\"><i class=\"fusion-li-icon fa-angle-right fas\" aria-hidden=\"true\"><\/i><\/span><div class=\"fusion-li-item-content\">Cannabinoide aus Hanf oder Cannabis<\/div><\/li><li class=\"fusion-li-item\" style=\"\"><span class=\"icon-wrapper circle-no\"><i class=\"fusion-li-icon fa-angle-right fas\" aria-hidden=\"true\"><\/i><\/span><div class=\"fusion-li-item-content\">\u00d6le aus N\u00fcssen und Kernen wie Argan, Datteln, Sesam<\/div><\/li><li class=\"fusion-li-item\" style=\"\"><span class=\"icon-wrapper circle-no\"><i class=\"fusion-li-icon fa-angle-right fas\" aria-hidden=\"true\"><\/i><\/span><div class=\"fusion-li-item-content\">Trocknung von Lecithin<\/div><\/li><\/ul><\/div><\/div><div class=\"fusion-layout-column fusion_builder_column fusion-builder-column-6 fusion_builder_column_1_1 1_1 fusion-flex-column\" style=\"--awb-bg-size:cover;--awb-width-large:100%;--awb-spacing-right-large:1.92%;--awb-margin-bottom-large:0px;--awb-spacing-left-large:1.92%;--awb-width-medium:100%;--awb-order-medium:0;--awb-spacing-right-medium:1.92%;--awb-spacing-left-medium:1.92%;--awb-width-small:100%;--awb-order-small:0;--awb-spacing-right-small:1.92%;--awb-spacing-left-small:1.92%;\"><div class=\"fusion-column-wrapper fusion-column-has-shadow fusion-flex-justify-content-flex-start fusion-content-layout-column\"><\/div><\/div><\/div><\/div><div class=\"fusion-fullwidth fullwidth-box fusion-builder-row-4 fusion-flex-container has-pattern-background has-mask-background nonhundred-percent-fullwidth non-hundred-percent-height-scrolling\" style=\"--awb-border-radius-top-left:0px;--awb-border-radius-top-right:0px;--awb-border-radius-bottom-right:0px;--awb-border-radius-bottom-left:0px;--awb-padding-top:70px;--awb-padding-bottom:70px;--awb-padding-top-medium:40px;--awb-padding-bottom-medium:40px;--awb-background-color:rgba(226,227,230,0.3);--awb-flex-wrap:wrap;\" ><div class=\"fusion-builder-row fusion-row fusion-flex-align-items-flex-start fusion-flex-content-wrap\" style=\"max-width:1248px;margin-left: calc(-4% \/ 2 );margin-right: calc(-4% \/ 2 );\"><div class=\"fusion-layout-column fusion_builder_column fusion-builder-column-7 fusion_builder_column_1_1 1_1 fusion-flex-column\" style=\"--awb-bg-size:cover;--awb-width-large:100%;--awb-spacing-right-large:1.92%;--awb-margin-bottom-large:0px;--awb-spacing-left-large:1.92%;--awb-width-medium:100%;--awb-order-medium:0;--awb-spacing-right-medium:1.92%;--awb-spacing-left-medium:1.92%;--awb-width-small:100%;--awb-order-small:0;--awb-spacing-right-small:1.92%;--awb-spacing-left-small:1.92%;\" data-scroll-devices=\"small-visibility,medium-visibility,large-visibility\"><div class=\"fusion-column-wrapper fusion-column-has-shadow fusion-flex-justify-content-flex-start fusion-content-layout-column\"><div class=\"fusion-title title fusion-title-5 fusion-sep-none fusion-title-text fusion-title-size-three\" style=\"--awb-margin-top:0px;--awb-margin-bottom:8px;--awb-margin-top-small:10px;--awb-margin-right-small:0px;--awb-margin-bottom-small:10px;--awb-margin-left-small:0px;\"><h3 class=\"fusion-title-heading title-heading-left\" style=\"margin:0;\">Zukunftsaussichten<\/h3><\/div><div class=\"fusion-text fusion-text-4 hyphens\" style=\"--awb-content-alignment:justify;\"><p>Die Zukunft der \u00fcberkritischen CO2-basierten Prozesse in der Lebensmittel- und Nutraceutical-Industrie sieht vielversprechend aus. Da die Nachfrage nach nat\u00fcrlichen und biologischen Produkten weiter steigt, wird der Bedarf an sauberen und nachhaltigen Extraktionstechnologien zunehmen. Es wird erwartet, dass die laufende Forschung und Entwicklung die M\u00f6glichkeiten der \u00fcberkritischen CO2-Extraktion weiter verbessern und sie noch effizienter und vielseitiger machen wird.<br \/>\nInnovationen in der Konstruktion von Anlagen und in der Prozessoptimierung werden die Einf\u00fchrung der \u00fcberkritischen CO2-Technologie in der Branche weiter vorantreiben. Da die Unternehmen bestrebt sind, den sich wandelnden Pr\u00e4ferenzen der Verbraucher gerecht zu werden, wird der Einsatz der \u00fcberkritischen CO2-Extraktion eine entscheidende Rolle bei der Bereitstellung hochwertiger, sicherer und nachhaltiger Produkte spielen.<\/p>\n<\/div><\/div><\/div><\/div><\/div><\/p>\n","protected":false},"excerpt":{"rendered":"","protected":false},"author":1,"featured_media":0,"parent":0,"menu_order":0,"comment_status":"closed","ping_status":"closed","template":"100-width.php","meta":{"_acf_changed":false,"footnotes":""},"class_list":["post-4529","page","type-page","status-publish","hentry"],"acf":[],"_links":{"self":[{"href":"https:\/\/natex.at\/de\/wp-json\/wp\/v2\/pages\/4529","targetHints":{"allow":["GET"]}}],"collection":[{"href":"https:\/\/natex.at\/de\/wp-json\/wp\/v2\/pages"}],"about":[{"href":"https:\/\/natex.at\/de\/wp-json\/wp\/v2\/types\/page"}],"author":[{"embeddable":true,"href":"https:\/\/natex.at\/de\/wp-json\/wp\/v2\/users\/1"}],"replies":[{"embeddable":true,"href":"https:\/\/natex.at\/de\/wp-json\/wp\/v2\/comments?post=4529"}],"version-history":[{"count":0,"href":"https:\/\/natex.at\/de\/wp-json\/wp\/v2\/pages\/4529\/revisions"}],"wp:attachment":[{"href":"https:\/\/natex.at\/de\/wp-json\/wp\/v2\/media?parent=4529"}],"curies":[{"name":"wp","href":"https:\/\/api.w.org\/{rel}","templated":true}]}}