{"id":4536,"date":"2025-04-16T10:10:38","date_gmt":"2025-04-16T08:10:38","guid":{"rendered":"https:\/\/natex.at\/pharmazeutika\/"},"modified":"2026-02-16T16:22:17","modified_gmt":"2026-02-16T15:22:17","slug":"pharmazeutika","status":"publish","type":"page","link":"https:\/\/natex.at\/de\/pharmazeutika\/","title":{"rendered":"PHARMA"},"content":{"rendered":"<p><div class=\"fusion-fullwidth fullwidth-box fusion-builder-row-1 fusion-flex-container has-pattern-background has-mask-background nonhundred-percent-fullwidth non-hundred-percent-height-scrolling\" style=\"--awb-border-radius-top-left:0px;--awb-border-radius-top-right:0px;--awb-border-radius-bottom-right:0px;--awb-border-radius-bottom-left:0px;--awb-padding-top:70px;--awb-padding-bottom:80px;--awb-padding-top-medium:50px;--awb-padding-bottom-medium:50px;--awb-flex-wrap:wrap;\" ><div class=\"fusion-builder-row fusion-row fusion-flex-align-items-flex-start fusion-flex-content-wrap\" style=\"max-width:1248px;margin-left: calc(-4% \/ 2 );margin-right: calc(-4% \/ 2 );\"><div class=\"fusion-layout-column fusion_builder_column fusion-builder-column-0 fusion_builder_column_1_1 1_1 fusion-flex-column\" style=\"--awb-bg-color:var(--awb-color1);--awb-bg-color-hover:var(--awb-color1);--awb-bg-size:cover;--awb-width-large:100%;--awb-spacing-right-large:1.92%;--awb-margin-bottom-large:0px;--awb-spacing-left-large:1.92%;--awb-width-medium:100%;--awb-order-medium:0;--awb-spacing-right-medium:1.92%;--awb-margin-bottom-medium:30px;--awb-spacing-left-medium:1.92%;--awb-width-small:100%;--awb-order-small:0;--awb-spacing-right-small:1.92%;--awb-spacing-left-small:1.92%;\" data-scroll-devices=\"small-visibility,medium-visibility,large-visibility\"><div class=\"fusion-column-wrapper fusion-column-has-shadow fusion-flex-justify-content-flex-start fusion-content-layout-column\"><div class=\"fusion-title title fusion-title-1 fusion-sep-none fusion-title-text fusion-title-size-two\" style=\"--awb-margin-top-small:10px;--awb-margin-right-small:0px;--awb-margin-bottom-small:10px;--awb-margin-left-small:0px;\"><h2 class=\"fusion-title-heading title-heading-left\" style=\"margin:0;\">Fokus auf die Verarbeitung von sensiblen Materialien<\/h2><\/div><div class=\"fusion-text fusion-text-1 hyphens\" style=\"--awb-content-alignment:justify;\"><p>Die \u00fcberkritische CO2-Extraktion und andere Verfahren, die auf CO2 als L\u00f6sungsmittel basieren, sind f\u00fcr verschiedene Bereiche der pharmazeutischen Industrie von gro\u00dfem Interesse. Das liegt vor allem an den einzigartigen Eigenschaften von CO2, die eine selektive und schonende Extraktion empfindlicher Substanzen erm\u00f6glichen. Natex ist erfahren darin, jedem Zugang zu diesen besonderen Eigenschaften zu verschaffen und stellt die gr\u00f6\u00dften und fortschrittlichsten Anlagen in der pharmazeutischen Industrie her, die regelm\u00e4\u00dfig den cGMP-Standard f\u00fcr diese Hochdruckindustrie setzen und erweitern.<\/p>\n<\/div><div class=\"fusion-title title fusion-title-2 fusion-sep-none fusion-title-text fusion-title-size-three\" style=\"--awb-margin-top-small:10px;--awb-margin-right-small:0px;--awb-margin-bottom-small:10px;--awb-margin-left-small:0px;\"><h3 class=\"fusion-title-heading title-heading-left\" style=\"margin:0;text-transform:none;\">Sauber, standardisiert und wiederholbar<\/h3><\/div><div class=\"fusion-text fusion-text-2 hyphens\" style=\"--awb-content-alignment:justify;\"><p>Die Extraktion kann bei moderaten Temperaturen erfolgen, und das CO2 verdampft unter Umgebungsbedingungen r\u00fcckstandsfrei. Dies erm\u00f6glicht die Herstellung von hochwertigen pharmazeutischen Substanzen ohne R\u00fcckst\u00e4nde. Au\u00dferdem bietet sie das Potenzial, Prozessschritte erheblich zu reduzieren, Produkte von Verunreinigungen zu reinigen und die Bioverf\u00fcgbarkeit von Medikamenten zu erh\u00f6hen. Die schonende Natur der \u00fcberkritischen CO2-Extraktion stellt sicher, dass die Integrit\u00e4t empfindlicher Verbindungen erhalten bleibt, was sie zu einer idealen Methode f\u00fcr die Herstellung hochreiner pharmazeutischer Produkte macht.<\/p>\n<\/div><div class=\"fusion-title title fusion-title-3 fusion-sep-none fusion-title-text fusion-title-size-three\" style=\"--awb-margin-top:0px;--awb-margin-bottom:8px;--awb-margin-top-small:10px;--awb-margin-right-small:0px;--awb-margin-bottom-small:10px;--awb-margin-left-small:0px;\"><h3 class=\"fusion-title-heading title-heading-left\" style=\"margin:0;\">Industrielle Anwendungen und Entwicklungen<\/h3><\/div><div class=\"fusion-text fusion-text-3 fusion-text-no-margin hyphens\" style=\"--awb-content-alignment:justify;--awb-margin-bottom:0px;\"><p>Die \u00fcberkritische CO2-Extraktion ist vielseitig und kann f\u00fcr verschiedene industrielle Prozesse im pharmazeutischen Sektor eingesetzt werden. Einige der wichtigsten Anwendungen sind:<\/p>\n<\/div><\/div><\/div><div class=\"fusion-layout-column fusion_builder_column fusion-builder-column-1 fusion-flex-column fusion-flex-align-self-center\" style=\"--awb-bg-size:cover;--awb-width-large:66%;--awb-spacing-right-large:2.9090909090909%;--awb-margin-bottom-large:0px;--awb-spacing-left-large:2.9090909090909%;--awb-width-medium:100%;--awb-order-medium:2;--awb-spacing-right-medium:1.92%;--awb-margin-bottom-medium:30px;--awb-spacing-left-medium:1.92%;--awb-width-small:100%;--awb-order-small:2;--awb-spacing-right-small:1.92%;--awb-spacing-left-small:1.92%;\" data-scroll-devices=\"small-visibility,medium-visibility,large-visibility\"><div class=\"fusion-column-wrapper fusion-column-has-shadow fusion-flex-justify-content-flex-start fusion-content-layout-column\"><div class=\"fusion-image-element \" style=\"--awb-caption-title-font-family:var(--h2_typography-font-family);--awb-caption-title-font-weight:var(--h2_typography-font-weight);--awb-caption-title-font-style:var(--h2_typography-font-style);--awb-caption-title-size:var(--h2_typography-font-size);--awb-caption-title-transform:var(--h2_typography-text-transform);--awb-caption-title-line-height:var(--h2_typography-line-height);--awb-caption-title-letter-spacing:var(--h2_typography-letter-spacing);\"><span class=\" fusion-imageframe imageframe-none imageframe-1 hover-type-none\"><img decoding=\"async\" width=\"1448\" height=\"1706\" alt=\"Industrial scale plant pharma CO2 extractor \" title=\"Industrial scale plant pharma\" src=\"https:\/\/natex.at\/wp-content\/uploads\/2025\/04\/3-2-Industrial-scale-plant-pharma.jpg\" class=\"img-responsive wp-image-4282\"\/><\/span><\/div><\/div><\/div><div class=\"fusion-layout-column fusion_builder_column fusion-builder-column-2 fusion-flex-column fusion-flex-align-self-center\" style=\"--awb-z-index:9999;--awb-padding-top:56px;--awb-padding-right:48px;--awb-padding-bottom:56px;--awb-padding-left:48px;--awb-padding-right-medium:48px;--awb-padding-left-medium:48px;--awb-bg-color:var(--awb-color1);--awb-bg-color-hover:var(--awb-color1);--awb-bg-size:cover;--awb-box-shadow:10px 10px 25px 5px hsla(var(--awb-color8-h),var(--awb-color8-s),var(--awb-color8-l),calc(var(--awb-color8-a) - 90%));;--awb-border-color:var(--awb-custom_color_4);--awb-border-color-hover:var(--awb-custom_color_5);--awb-border-top:0px;--awb-border-right:0px;--awb-border-bottom:0px;--awb-border-left:4px;--awb-border-style:solid;--awb-width-large:34%;--awb-spacing-right-large:5.6470588235294%;--awb-margin-bottom-large:0px;--awb-spacing-left-large:-80px;--awb-width-medium:100%;--awb-order-medium:1;--awb-spacing-right-medium:1.92%;--awb-margin-bottom-medium:30px;--awb-spacing-left-medium:1.92%;--awb-width-small:100%;--awb-order-small:1;--awb-spacing-right-small:1.92%;--awb-spacing-left-small:1.92%;\" data-scroll-devices=\"small-visibility,medium-visibility,large-visibility\"><div class=\"fusion-column-wrapper fusion-column-has-shadow fusion-flex-justify-content-flex-start fusion-content-layout-column\"><ul style=\"--awb-iconcolor:var(--awb-custom_color_5);--awb-line-height:27.2px;--awb-icon-width:27.2px;--awb-icon-height:27.2px;--awb-icon-margin:11.2px;--awb-content-margin:38.4px;\" class=\"fusion-checklist fusion-checklist-1 fusion-checklist-default type-icons\"><li class=\"fusion-li-item\" style=\"\"><span class=\"icon-wrapper circle-no\"><i class=\"fusion-li-icon fa-angle-right fas\" aria-hidden=\"true\"><\/i><\/span><div class=\"fusion-li-item-content\">\n<p><strong>Extraktion von pharmazeutischen Wirkstoffen (APIs):<\/strong> Die Extraktion von APIs aus nat\u00fcrlichen Rohstoffen und Heilpflanzen. Dieses Verfahren erm\u00f6glicht die selektive Extraktion spezifischer Verbindungen, die f\u00fcr die Formulierung von pharmazeutischen Produkten unerl\u00e4sslich sind.<\/p>\n<\/div><\/li><li class=\"fusion-li-item\" style=\"\"><span class=\"icon-wrapper circle-no\"><i class=\"fusion-li-icon fa-angle-right fas\" aria-hidden=\"true\"><\/i><\/span><div class=\"fusion-li-item-content\">\n<p><strong>Reinigung, Konzentration oder Fraktionierung von Zwischenprodukten:<\/strong> Dies hilft dabei, Verunreinigungen zu entfernen und die gew\u00fcnschte Reinheit und Qualit\u00e4t der Endprodukte zu erreichen.<\/p>\n<\/div><\/li><li class=\"fusion-li-item\" style=\"\"><span class=\"icon-wrapper circle-no\"><i class=\"fusion-li-icon fa-angle-right fas\" aria-hidden=\"true\"><\/i><\/span><div class=\"fusion-li-item-content\">\n<p><strong>Beseitigung von R\u00fcckst\u00e4nden:<\/strong> Entfernung von organischen L\u00f6sungsmitteln, Monomeren, Oligomeren und anderen R\u00fcckst\u00e4nden von medizinischen Produkten und Ger\u00e4ten. Dadurch wird sichergestellt, dass die Produkte sicher und frei von sch\u00e4dlichen Verunreinigungen sind.<\/p>\n<\/div><\/li><li class=\"fusion-li-item\" style=\"\"><span class=\"icon-wrapper circle-no\"><i class=\"fusion-li-icon fa-angle-right fas\" aria-hidden=\"true\"><\/i><\/span><div class=\"fusion-li-item-content\">\n<p><strong>Bildung von Mikropartikeln:<\/strong> Erzeugung, Verkapselung und Impr\u00e4gnierung von Mikropartikeln. Dieser Prozess wird f\u00fcr die Entwicklung von Medikamentenverabreichungssystemen und anderen pharmazeutischen Anwendungen eingesetzt.<\/p>\n<\/div><\/li><\/ul><\/div><\/div><\/div><\/div><div class=\"fusion-fullwidth fullwidth-box fusion-builder-row-2 fusion-flex-container has-pattern-background has-mask-background nonhundred-percent-fullwidth non-hundred-percent-height-scrolling\" style=\"--awb-border-radius-top-left:0px;--awb-border-radius-top-right:0px;--awb-border-radius-bottom-right:0px;--awb-border-radius-bottom-left:0px;--awb-padding-top:70px;--awb-padding-bottom:70px;--awb-padding-top-medium:50px;--awb-padding-bottom-medium:50px;--awb-background-color:rgba(226,227,230,0.3);--awb-flex-wrap:wrap;\" ><div class=\"awb-background-mask\" style=\"background-image:  url(https:\/\/natex.at\/wp-content\/uploads\/2025\/04\/maske_bg.svg);opacity: 0.27 ;transform: scale(1, 1);mix-blend-mode:normal;\"><\/div><div class=\"fusion-builder-row fusion-row fusion-flex-align-items-flex-start fusion-flex-content-wrap\" style=\"max-width:1248px;margin-left: calc(-4% \/ 2 );margin-right: calc(-4% \/ 2 );\"><div class=\"fusion-layout-column fusion_builder_column fusion-builder-column-3 fusion_builder_column_1_2 1_2 fusion-flex-column fusion-flex-align-self-stretch\" style=\"--awb-bg-size:cover;--awb-width-large:50%;--awb-spacing-right-large:3.84%;--awb-margin-bottom-large:0px;--awb-spacing-left-large:3.84%;--awb-width-medium:100%;--awb-order-medium:0;--awb-spacing-right-medium:1.92%;--awb-spacing-left-medium:1.92%;--awb-width-small:100%;--awb-order-small:0;--awb-spacing-right-small:1.92%;--awb-spacing-left-small:1.92%;\" data-scroll-devices=\"small-visibility,medium-visibility,large-visibility\"><div class=\"fusion-column-wrapper fusion-column-has-shadow fusion-flex-justify-content-flex-start fusion-content-layout-column\"><div class=\"fusion-title title fusion-title-4 fusion-sep-none fusion-title-text fusion-title-size-three\" style=\"--awb-margin-top:0px;--awb-margin-bottom:8px;--awb-margin-top-small:10px;--awb-margin-right-small:0px;--awb-margin-bottom-small:10px;--awb-margin-left-small:0px;\"><h3 class=\"fusion-title-heading title-heading-left\" style=\"margin:0;\">Erf\u00fcllung aller erforderlichen Vorschriften und Anforderungen<\/h3><\/div><div class=\"fusion-text fusion-text-4 hyphens\" style=\"--awb-content-alignment:justify;\"><p>Pharmazeutische Anwendungen erfordern ein H\u00f6chstma\u00df an Genauigkeit, Reinigung, Sicherheit und R\u00fcckverfolgbarkeit. NATEX-Anlagen erf\u00fcllen die kundenspezifischen Anforderungen in \u00dcbereinstimmung mit beh\u00f6rdlichen Organisationen wie der European Medicines Agency (EMA), der US Food and Drug Administration (FDA), der Medicines and Healthcare products Regulatory Agency (MHRA) und anderen. Die Einhaltung dieser Vorschriften gew\u00e4hrleistet, dass die Extraktionsprozesse den h\u00f6chsten Qualit\u00e4ts- und Sicherheitsstandards entsprechen.<\/p>\n<\/div><div class=\"fusion-title title fusion-title-5 fusion-sep-none fusion-title-text fusion-title-size-three\" style=\"--awb-margin-top:0px;--awb-margin-bottom:8px;--awb-margin-top-small:10px;--awb-margin-right-small:0px;--awb-margin-bottom-small:10px;--awb-margin-left-small:0px;\"><h3 class=\"fusion-title-heading title-heading-left\" style=\"margin:0;\">Weltweit f\u00fchrender Partner<\/h3><\/div><div class=\"fusion-text fusion-text-5 fusion-text-no-margin hyphens\" style=\"--awb-content-alignment:justify;--awb-margin-bottom:0px;\"><p>Die Position von NATEX als etablierter Lieferant f\u00fcr die pharmazeutische Industrie manifestiert sich kontinuierlich darin, dass wir die Messlatte f\u00fcr cGMP in Hochdruckanwendungen h\u00f6her legen. Um die speziellen Anforderungen und validierten Reinigungsm\u00f6glichkeiten zu erf\u00fcllen, haben wir einzigartige, hygienische L\u00f6sungen f\u00fcr jeden Teil der Anlage entwickelt. Deshalb arbeiten wir eng mit ausgew\u00e4hlten Lieferanten zusammen, um eine kontinuierliche Verbesserung zu gew\u00e4hrleisten. Unser Engagement f\u00fcr Innovation und Qualit\u00e4t macht uns zu einem zuverl\u00e4ssigen Partner f\u00fcr Pharmaunternehmen weltweit.<\/p>\n<\/div><\/div><\/div><div class=\"fusion-layout-column fusion_builder_column fusion-builder-column-4 fusion_builder_column_1_2 1_2 fusion-flex-column fusion-flex-align-self-stretch fusion-no-small-visibility fusion-no-medium-visibility\" style=\"--awb-bg-size:cover;--awb-width-large:50%;--awb-spacing-right-large:3.84%;--awb-margin-bottom-large:0px;--awb-spacing-left-large:3.84%;--awb-width-medium:50%;--awb-order-medium:1;--awb-spacing-right-medium:3.84%;--awb-spacing-left-medium:3.84%;--awb-width-small:100%;--awb-order-small:1;--awb-spacing-right-small:1.92%;--awb-spacing-left-small:1.92%;\" data-scroll-devices=\"small-visibility,medium-visibility,large-visibility\"><div class=\"fusion-column-wrapper fusion-column-has-shadow fusion-flex-justify-content-flex-start fusion-content-layout-column\"><div class=\"fusion-image-element \" style=\"--awb-caption-title-font-family:var(--h2_typography-font-family);--awb-caption-title-font-weight:var(--h2_typography-font-weight);--awb-caption-title-font-style:var(--h2_typography-font-style);--awb-caption-title-size:var(--h2_typography-font-size);--awb-caption-title-transform:var(--h2_typography-text-transform);--awb-caption-title-line-height:var(--h2_typography-line-height);--awb-caption-title-letter-spacing:var(--h2_typography-letter-spacing);\"><span class=\" fusion-imageframe imageframe-none imageframe-2 hover-type-zoomin\"><a href=\"https:\/\/natex.at\/wp-content\/uploads\/2025\/04\/pharmaceuticals-03.jpg\" class=\"fusion-lightbox\" data-rel=\"iLightbox[b6f98bd3456c9362672]\" data-caption=\"Pharmaceuticals Anlage\" data-title=\"Pharmaceuticals Anlage\" title=\"Pharmaceuticals Anlage\"><img decoding=\"async\" width=\"1024\" height=\"1131\" alt=\"Pharma CO2 extraction plant mounted on skits\" src=\"https:\/\/natex.at\/wp-content\/uploads\/2025\/04\/pharmaceuticals-03.jpg\" class=\"img-responsive wp-image-4387\"\/><\/a><\/span><\/div><\/div><\/div><\/div><\/div><div class=\"fusion-fullwidth fullwidth-box fusion-builder-row-3 fusion-flex-container has-pattern-background has-mask-background fusion-parallax-none nonhundred-percent-fullwidth non-hundred-percent-height-scrolling\" style=\"--awb-background-position:right bottom;--awb-background-position-medium:left bottom;--awb-background-position-small:left bottom;--awb-border-radius-top-left:0px;--awb-border-radius-top-right:0px;--awb-border-radius-bottom-right:0px;--awb-border-radius-bottom-left:0px;--awb-padding-top:100px;--awb-padding-bottom:100px;--awb-padding-top-medium:50px;--awb-padding-bottom-medium:50px;--awb-background-image:url(&quot;https:\/\/natex.at\/wp-content\/uploads\/2025\/04\/pharmaceuticals-bg-neu.jpg&quot;);--awb-background-size:cover;--awb-flex-wrap:wrap;\" ><div class=\"fusion-builder-row fusion-row fusion-flex-align-items-flex-start fusion-flex-content-wrap\" style=\"max-width:calc( 1200px + 80px );margin-left: calc(-80px \/ 2 );margin-right: calc(-80px \/ 2 );\"><div class=\"fusion-layout-column fusion_builder_column fusion-builder-column-5 fusion_builder_column_1_1 1_1 fusion-flex-column\" style=\"--awb-bg-size:cover;--awb-width-large:100%;--awb-spacing-right-large:40px;--awb-margin-bottom-large:0px;--awb-spacing-left-large:40px;--awb-width-medium:100%;--awb-order-medium:0;--awb-spacing-right-medium:40px;--awb-spacing-left-medium:40px;--awb-width-small:100%;--awb-order-small:0;--awb-spacing-right-small:40px;--awb-spacing-left-small:40px;\" data-scroll-devices=\"small-visibility,medium-visibility,large-visibility\"><div class=\"fusion-column-wrapper fusion-column-has-shadow fusion-flex-justify-content-flex-start fusion-content-layout-column\"><div class=\"fusion-title title fusion-title-6 fusion-sep-none fusion-title-text fusion-title-size-three\" style=\"--awb-margin-bottom:32px;--awb-margin-top-small:10px;--awb-margin-right-small:0px;--awb-margin-bottom-small:20px;--awb-margin-left-small:0px;--awb-margin-bottom-medium:20px;\"><h3 class=\"fusion-title-heading title-heading-left\" style=\"margin:0;\">M\u00f6gliche Produkte und Extrakte<\/h3><\/div><div class=\"fusion-text fusion-text-6\"><p>Die \u00fcberkritische CO2-Extraktion kann zur Herstellung einer breiten Palette von pharmazeutischen Produkten und Extrakten verwendet werden, darunter:<\/p>\n<\/div><\/div><\/div><div class=\"fusion-layout-column fusion_builder_column fusion-builder-column-6 fusion_builder_column_1_2 1_2 fusion-flex-column fusion-flex-align-self-stretch\" style=\"--awb-bg-size:cover;--awb-width-large:50%;--awb-spacing-right-large:40px;--awb-margin-bottom-large:0px;--awb-spacing-left-large:40px;--awb-width-medium:50%;--awb-order-medium:0;--awb-spacing-right-medium:0px;--awb-spacing-left-medium:40px;--awb-width-small:100%;--awb-order-small:0;--awb-spacing-right-small:40px;--awb-spacing-left-small:40px;\" data-scroll-devices=\"small-visibility,medium-visibility,large-visibility\"><div class=\"fusion-column-wrapper fusion-column-has-shadow fusion-flex-justify-content-flex-start fusion-content-layout-column\"><div class=\"fusion-image-element \" style=\"--awb-caption-title-font-family:var(--h2_typography-font-family);--awb-caption-title-font-weight:var(--h2_typography-font-weight);--awb-caption-title-font-style:var(--h2_typography-font-style);--awb-caption-title-size:var(--h2_typography-font-size);--awb-caption-title-transform:var(--h2_typography-text-transform);--awb-caption-title-line-height:var(--h2_typography-line-height);--awb-caption-title-letter-spacing:var(--h2_typography-letter-spacing);\"><span class=\" fusion-imageframe imageframe-none imageframe-3 hover-type-zoomin\"><a href=\"https:\/\/natex.at\/wp-content\/uploads\/2025\/04\/pharmaceuticals-01-neu.jpg\" class=\"fusion-lightbox\" data-rel=\"iLightbox[91a0ca00c55d48a9095]\" data-caption=\"Pharmaceuticals Products\" data-title=\"Pharmaceuticals Products\" title=\"Pharmaceuticals Products\"><img decoding=\"async\" width=\"1024\" height=\"1024\" src=\"https:\/\/natex.at\/wp-content\/uploads\/2025\/04\/pharmaceuticals-01-neu.jpg\" alt class=\"img-responsive wp-image-4385\"\/><\/a><\/span><\/div><\/div><\/div><div class=\"fusion-layout-column fusion_builder_column fusion-builder-column-7 fusion_builder_column_1_2 1_2 fusion-flex-column fusion-flex-align-self-stretch\" style=\"--awb-padding-top-medium:0px;--awb-padding-top-small:40px;--awb-bg-size:cover;--awb-width-large:50%;--awb-margin-top-large:0px;--awb-spacing-right-large:40px;--awb-margin-bottom-large:0px;--awb-spacing-left-large:40px;--awb-width-medium:50%;--awb-order-medium:0;--awb-margin-top-medium:0px;--awb-spacing-right-medium:40px;--awb-margin-bottom-medium:0px;--awb-spacing-left-medium:40px;--awb-width-small:100%;--awb-order-small:0;--awb-spacing-right-small:40px;--awb-spacing-left-small:40px;\" data-scroll-devices=\"small-visibility,medium-visibility,large-visibility\"><div class=\"fusion-column-wrapper fusion-column-has-shadow fusion-flex-justify-content-flex-start fusion-content-layout-column\"><ul style=\"--awb-margin-top:0px;--awb-margin-bottom:0px;--awb-item-padding-top:8px;--awb-iconcolor:var(--awb-custom_color_5);--awb-line-height:27.2px;--awb-icon-width:27.2px;--awb-icon-height:27.2px;--awb-icon-margin:11.2px;--awb-content-margin:38.4px;\" class=\"fusion-checklist fusion-checklist-2 type-icons\"><li class=\"fusion-li-item\" style=\"\"><span class=\"icon-wrapper circle-no\"><i class=\"fusion-li-icon fa-angle-right fas\" aria-hidden=\"true\"><\/i><\/span><div class=\"fusion-li-item-content\">\n<p><strong>Carotinoide:<\/strong> Wichtig f\u00fcr ihre antioxidativen Eigenschaften und verwendet in verschiedenen pharmazeutischen Formulierungen.<\/p>\n<\/div><\/li><li class=\"fusion-li-item\" style=\"\"><span class=\"icon-wrapper circle-no\"><i class=\"fusion-li-icon fa-angle-right fas\" aria-hidden=\"true\"><\/i><\/span><div class=\"fusion-li-item-content\">\n<p><strong>Omega 3 &amp; Omega 6 Fetts\u00e4uren:<\/strong> Essentielle Fetts\u00e4uren, die der Gesundheit zutr\u00e4glich sind und in Nahrungserg\u00e4nzungsmitteln und pharmazeutischen Produkten verwendet werden.<\/p>\n<\/div><\/li><li class=\"fusion-li-item\" style=\"\"><span class=\"icon-wrapper circle-no\"><i class=\"fusion-li-icon fa-angle-right fas\" aria-hidden=\"true\"><\/i><\/span><div class=\"fusion-li-item-content\">\n<p><strong>Lycopin:<\/strong> Ein starkes Antioxidans, das in verschiedenen Gesundheitsprodukten verwendet wird.<\/p>\n<\/div><\/li><li class=\"fusion-li-item\" style=\"\"><span class=\"icon-wrapper circle-no\"><i class=\"fusion-li-icon fa-angle-right fas\" aria-hidden=\"true\"><\/i><\/span><div class=\"fusion-li-item-content\">\n<p><strong>Curcuminoide:<\/strong> Bioaktive Verbindungen aus Kurkuma mit entz\u00fcndungshemmenden und antioxidativen Eigenschaften.<\/p>\n<\/div><\/li><li class=\"fusion-li-item\" style=\"\"><span class=\"icon-wrapper circle-no\"><i class=\"fusion-li-icon fa-angle-right fas\" aria-hidden=\"true\"><\/i><\/span><div class=\"fusion-li-item-content\">\n<p><strong>Moringa:<\/strong> Bekannt f\u00fcr seine ern\u00e4hrungsphysiologischen und medizinischen Vorteile.<\/p>\n<\/div><\/li><li class=\"fusion-li-item\" style=\"\"><span class=\"icon-wrapper circle-no\"><i class=\"fusion-li-icon fa-angle-right fas\" aria-hidden=\"true\"><\/i><\/span><div class=\"fusion-li-item-content\">\n<p><strong>Cannabis:<\/strong> Extrakte, die wegen ihrer therapeutischen Eigenschaften verwendet werden.<\/p>\n<\/div><\/li><li class=\"fusion-li-item\" style=\"\"><span class=\"icon-wrapper circle-no\"><i class=\"fusion-li-icon fa-angle-right fas\" aria-hidden=\"true\"><\/i><\/span><div class=\"fusion-li-item-content\">\n<p><strong>Calendula \/ Ringelblume:<\/strong> Wird f\u00fcr ihre heilenden und entz\u00fcndungshemmenden Eigenschaften verwendet.<\/p>\n<\/div><\/li><li class=\"fusion-li-item\" style=\"\"><span class=\"icon-wrapper circle-no\"><i class=\"fusion-li-icon fa-angle-right fas\" aria-hidden=\"true\"><\/i><\/span><div class=\"fusion-li-item-content\">\n<p><strong>Borretsch, Hagebutte, Gr\u00fcnlippmuschel, Artemisia-annua, Mikroalgen, Weihrauch:<\/strong> Diese werden wegen ihrer verschiedenen gesundheitlichen Vorteile verwendet und sind in pharmazeutischen und nutrazeutischen Produkten enthalten.<\/p>\n<\/div><\/li><\/ul><\/div><\/div><\/div><\/div><\/p>\n","protected":false},"excerpt":{"rendered":"","protected":false},"author":1,"featured_media":0,"parent":0,"menu_order":0,"comment_status":"closed","ping_status":"closed","template":"100-width.php","meta":{"_acf_changed":false,"footnotes":""},"class_list":["post-4536","page","type-page","status-publish","hentry"],"acf":[],"_links":{"self":[{"href":"https:\/\/natex.at\/de\/wp-json\/wp\/v2\/pages\/4536","targetHints":{"allow":["GET"]}}],"collection":[{"href":"https:\/\/natex.at\/de\/wp-json\/wp\/v2\/pages"}],"about":[{"href":"https:\/\/natex.at\/de\/wp-json\/wp\/v2\/types\/page"}],"author":[{"embeddable":true,"href":"https:\/\/natex.at\/de\/wp-json\/wp\/v2\/users\/1"}],"replies":[{"embeddable":true,"href":"https:\/\/natex.at\/de\/wp-json\/wp\/v2\/comments?post=4536"}],"version-history":[{"count":4,"href":"https:\/\/natex.at\/de\/wp-json\/wp\/v2\/pages\/4536\/revisions"}],"predecessor-version":[{"id":5453,"href":"https:\/\/natex.at\/de\/wp-json\/wp\/v2\/pages\/4536\/revisions\/5453"}],"wp:attachment":[{"href":"https:\/\/natex.at\/de\/wp-json\/wp\/v2\/media?parent=4536"}],"curies":[{"name":"wp","href":"https:\/\/api.w.org\/{rel}","templated":true}]}}