{"id":4544,"date":"2025-03-12T10:53:56","date_gmt":"2025-03-12T09:53:56","guid":{"rendered":"https:\/\/natex.at\/datenschutzpolitik\/"},"modified":"2025-07-09T12:02:09","modified_gmt":"2025-07-09T10:02:09","slug":"datenschutzpolitik","status":"publish","type":"page","link":"https:\/\/natex.at\/de\/datenschutzpolitik\/","title":{"rendered":"DATENSCHUTZPOLITIK"},"content":{"rendered":"<div class=\"fusion-fullwidth fullwidth-box fusion-builder-row-1 fusion-flex-container has-pattern-background has-mask-background nonhundred-percent-fullwidth non-hundred-percent-height-scrolling\" style=\"--awb-border-radius-top-left:0px;--awb-border-radius-top-right:0px;--awb-border-radius-bottom-right:0px;--awb-border-radius-bottom-left:0px;--awb-padding-top:70px;--awb-padding-bottom:70px;--awb-padding-top-medium:50px;--awb-padding-bottom-medium:50px;--awb-flex-wrap:wrap;\" ><div class=\"fusion-builder-row fusion-row fusion-flex-align-items-flex-start fusion-flex-content-wrap\" style=\"max-width:1248px;margin-left: calc(-4% \/ 2 );margin-right: calc(-4% \/ 2 );\"><div class=\"fusion-layout-column fusion_builder_column fusion-builder-column-0 fusion_builder_column_1_1 1_1 fusion-flex-column\" style=\"--awb-bg-size:cover;--awb-width-large:100%;--awb-spacing-right-large:1.92%;--awb-margin-bottom-large:0px;--awb-spacing-left-large:1.92%;--awb-width-medium:100%;--awb-order-medium:0;--awb-spacing-right-medium:1.92%;--awb-spacing-left-medium:1.92%;--awb-width-small:100%;--awb-order-small:0;--awb-spacing-right-small:1.92%;--awb-spacing-left-small:1.92%;\"><div class=\"fusion-column-wrapper fusion-column-has-shadow fusion-flex-justify-content-flex-start fusion-content-layout-column\"><div class=\"fusion-text fusion-text-1\"><p style=\"text-align: justify;\">Die Betreiber dieser Seiten nehmen den Schutz Ihrer pers\u00f6nlichen Daten sehr ernst. Wir behandeln Ihre personenbezogenen Daten vertraulich und entsprechend der gesetzlichen Datenschutzvorschriften sowie dieser Datenschutzerkl\u00e4rung. <\/p>\n<p style=\"text-align: justify;\">Die Nutzung unserer Webseite ist in der Regel ohne Angabe personenbezogener Daten m\u00f6glich. Soweit auf unseren Seiten personenbezogene Daten (beispielsweise Name, Telefonnummer oder eMail-Adressen) erhoben werden, erfolgt dies, soweit m\u00f6glich, stets auf freiwilliger Basis. Diese Daten werden ohne Ihre ausdr\u00fcckliche Zustimmung nicht an Dritte weitergegeben.  <\/p>\n<p style=\"text-align: justify;\"><strong>Cookies<\/strong><\/p>\n<p style=\"text-align: justify;\">Einige unserer Webseiten verwenden sogenannte Cookies. Cookies richten auf Ihrem Rechner keinen Schaden an und enthalten keine Viren. Sie dienen dazu, unser Angebot nutzerfreundlicher, effektiver und sicherer zu machen. Cookies sind kleine Textdateien, die auf Ihrem Computer abgelegt werden und die Ihr Browser speichert.   <\/p>\n<p style=\"text-align: justify;\">Die meisten der von uns verwendeten Cookies sind so genannte \u201eSession-Cookies\u201c. Sie werden am Ende Ihres Besuchs automatisch gel\u00f6scht. Andere Cookies bleiben auf Ihrem Ger\u00e4t gespeichert, bis Sie sie l\u00f6schen. Diese Cookies erm\u00f6glichen es uns, Ihren Browser bei Ihrem n\u00e4chsten Besuch wiederzuerkennen.   <\/p>\n<p style=\"text-align: justify;\">Sie k\u00f6nnen Ihren Browser so einstellen, dass Sie \u00fcber das Setzen von Cookies informiert werden, dass Sie Cookies nur im Einzelfall erlauben, dass Sie Cookies f\u00fcr bestimmte F\u00e4lle oder generell ausschlie\u00dfen und dass Cookies beim Schlie\u00dfen des Browsers automatisch gel\u00f6scht werden. Wenn Cookies deaktiviert sind, kann die Funktionalit\u00e4t dieser Website eingeschr\u00e4nkt sein. <\/p>\n<p style=\"text-align: justify;\"><strong>Server-Protokolldateien<\/strong><\/p>\n<p style=\"text-align: justify;\">Der Provider dieser Seiten erhebt und speichert automatisch Informationen in so genannten Server-Log-Dateien, die Ihr Browser automatisch an uns \u00fcbermittelt. Diese beinhalten: <\/p>\n<ul>\n<li>Browsertyp und -version<\/li>\n<li>Verwendetes Betriebssystem<\/li>\n<li>Referrer URL<\/li>\n<li>Hostname des zugreifenden Computers<\/li>\n<li>Uhrzeit der Serveranfrage<\/li>\n<\/ul>\n<p style=\"text-align: justify;\">Diese Daten sind f\u00fcr uns nicht bestimmten Personen zuordenbar. Eine Zusammenf\u00fchrung dieser Daten mit anderen Datenquellen wird nicht vorgenommen. Wir behalten uns vor, diese Daten nachtr\u00e4glich zu pr\u00fcfen, wenn uns konkrete Anhaltspunkte f\u00fcr eine rechtswidrige Nutzung bekannt werden.  <\/p>\n<p style=\"text-align: justify;\"><strong>Kontakt-Formular<\/strong><\/p>\n<p style=\"text-align: justify;\">Wenn Sie uns per Kontaktformular Anfragen zukommen lassen, werden Ihre Angaben aus dem Anfrageformular inklusive der von Ihnen dort angegebenen Kontaktdaten zwecks Bearbeitung der Anfrage und f\u00fcr den Fall von Anschlussfragen bei uns gespeichert. Wir geben diese Daten nicht ohne Ihre Zustimmung weiter. <\/p>\n<p style=\"text-align: justify;\"><strong>Newsletter Daten<\/strong><\/p>\n<p style=\"text-align: justify;\">Wenn Sie den auf der Webseite angebotenen Newsletter empfangen m\u00f6chten, ben\u00f6tigen wir von Ihnen eine E-Mail-Adresse sowie Informationen, die uns die \u00dcberpr\u00fcfung gestatten, dass Sie der Inhaber der angegebenen E-Mail-Adresse sind und mit dem Empfang des Newsletters einverstanden sind. Weitere Daten werden nicht erhoben. Wir verwenden diese Daten ausschlie\u00dflich f\u00fcr den Versand der angeforderten Informationen und geben sie nicht an Dritte weiter.  <\/p>\n<p style=\"text-align: justify;\">Die erteilte Einwilligung zur Speicherung der Daten, der Email-Adresse sowie deren Nutzung zum Versand des Newsletters k\u00f6nnen Sie jederzeit widerrufen, etwa \u00fcber den Link \u201eAbmelden\u201c im Newsletter.<\/p>\n<p style=\"text-align: justify;\"><strong>Matomo<\/strong><\/p>\n<p style=\"text-align: justify;\">Diese Website nutzt den Open-Source-Webanalysedienst Matomo. Matomo verwendet Technologien, die eine seiten\u00fcbergreifende Erkennung von Nutzern zur Analyse des Nutzerverhaltens erm\u00f6glichen (z.B. Cookies oder Device Fingerprinting). Die von Matomo gesammelten Informationen \u00fcber die Nutzung dieser Website werden auf unserem Server gespeichert. Die IP-Adresse wird vor der Speicherung anonymisiert.   <\/p>\n<p style=\"text-align: justify;\">Mit Hilfe von Matomo k\u00f6nnen wir Daten \u00fcber die Nutzung unserer Website durch Besucher sammeln und analysieren. So k\u00f6nnen wir feststellen, wann welche Seitenaufrufe erfolgten und aus welcher Region sie stammen. Wir sammeln auch verschiedene Protokolldateien (z.B. IP-Adresse, Referrer, verwendete Browser und Betriebssysteme) und k\u00f6nnen messen, ob unsere Website-Besucher bestimmte Aktionen durchf\u00fchren (z.B. Klicks, K\u00e4ufe usw.).  <\/p>\n<p style=\"text-align: justify;\">Die Nutzung dieses Analysetools basiert auf Art. 6 (1) lit. f GDPR. Der Websitebetreiber hat ein berechtigtes Interesse an der Analyse des Nutzerverhaltens, um sowohl seine Website als auch seine Werbung zu optimieren. Wenn eine entsprechende Einwilligung eingeholt wurde, basiert die Verarbeitung ausschlie\u00dflich auf Art. 6 (1) lit. a GDPR und \u00a7 25 (1) TTDSG, sofern die Einwilligung die Speicherung von Cookies oder den Zugriff auf Informationen im Ger\u00e4t des Nutzers (z.B. Device Fingerprinting) nach dem TTDSG umfasst. Die Einwilligung kann jederzeit widerrufen werden.     <\/p>\n<p style=\"text-align: justify;\"><strong>Matomo deaktivieren<\/strong><\/p>\n<p id=\"matomo_opted_in_intro\" style=\"text-align: justify;\">Sie haben die M\u00f6glichkeit, zu verhindern, dass die von Ihnen hier durchgef\u00fchrten Aktionen analysiert und verlinkt werden. Dadurch wird Ihre Privatsph\u00e4re gesch\u00fctzt, aber auch verhindert, dass der Eigent\u00fcmer aus Ihren Aktionen lernt und die Benutzerfreundlichkeit f\u00fcr Sie und andere Benutzer verbessert. <\/p>\n<form><input id=\"matomo_optout_checkbox\" checked type=\"checkbox\"> <label for=\"matomo_optout_checkbox\"><strong><span id=\"matomo_opted_in_label\">Ihr Besuch auf dieser Website wird derzeit von Matomo Web Analytics aufgezeichnet. Deaktivieren Sie dieses Kontrollk\u00e4stchen. <\/span><\/strong><\/label><\/form>\n<p style=\"text-align: justify;\"><strong>IP-Anonymisierung<\/strong><\/p>\n<p style=\"text-align: justify;\">Bei der Analyse mit Matomo verwenden wir die IP-Anonymisierung. Das bedeutet, dass Ihre IP-Adresse vor der Analyse gek\u00fcrzt wird, so dass sie Ihnen nicht mehr eindeutig zugeordnet werden kann. <\/p>\n<p style=\"text-align: justify;\"><strong>Hosting<\/strong><\/p>\n<p style=\"text-align: justify;\">Wir hosten Matomo ausschlie\u00dflich auf unseren eigenen Servern, um sicherzustellen, dass alle Analysedaten bei uns bleiben und nicht weitergegeben werden.<\/p>\n<p><strong>Google Maps<\/strong><\/p>\n<p>Diese Website verwendet den Kartendienst Google Maps, der von Google Ireland Limited, Gordon House, Barrow Street, Dublin 4, Irland, bereitgestellt wird. Um die Funktionen von Google Maps nutzen zu k\u00f6nnen, ist es notwendig, Ihre IP-Adresse zu speichern. Diese Informationen werden in der Regel an einen Server von Google in den USA \u00fcbertragen und dort gespeichert. Der Anbieter dieser Seite hat keinen Einfluss auf diese Daten\u00fcbertragung.<br \/>\nDie Nutzung von Google Maps erfolgt im Interesse einer ansprechenden Darstellung unserer Online-Angebote und einer leichten Auffindbarkeit der von uns auf der Website angegebenen Orte. Dies stellt ein berechtigtes Interesse im Sinne von Art. 6 Abs. 1 lit. f GDPR.      <\/p>\n<p>Weitere Informationen \u00fcber den Umgang mit Nutzerdaten finden Sie in den Datenschutzbestimmungen von Google: <a href=\"https:\/\/www.google.de\/intl\/de\/policies\/privacy\" target=\"_blank\" rel=\"noopener\">https:\/\/www.google.de\/intl\/de\/policies\/privacy<\/a><\/p>\n<p style=\"text-align: justify;\"><strong>SSL-Verschl\u00fcsselung<\/strong><\/p>\n<p style=\"text-align: justify;\">Diese Website verwendet aus Sicherheitsgr\u00fcnden und zum Schutz der \u00dcbertragung vertraulicher Inhalte, wie z.B. Anfragen, die Sie an uns als Website-Betreiber senden, eine SSL-Verschl\u00fcsselung. Sie erkennen eine verschl\u00fcsselte Verbindung daran, dass die Adresszeile des Browsers von \u201ehttp:\/\/\u201c auf \u201ehttps:\/\/\u201c wechselt und an dem Schloss-Symbol in Ihrer Browserzeile.<\/p>\n<p style=\"text-align: justify;\">Wenn die SSL-Verschl\u00fcsselung aktiviert ist, k\u00f6nnen die Daten, die Sie an uns \u00fcbermitteln, nicht von Dritten gelesen werden.<\/p>\n<p style=\"text-align: justify;\"><strong>Recht auf Information<\/strong><\/p>\n<p style=\"text-align: justify;\">Sie haben das Recht auf Auskunft, Berichtigung, L\u00f6schung, Einschr\u00e4nkung, Daten\u00fcbertragbarkeit und Widerspruch. Hierzu sowie zu weiteren Fragen zum Thema personenbezogene Daten k\u00f6nnen Sie sich jederzeit unter der im Impressum angegebenen Adresse an uns wenden.<\/p>\n<p style=\"text-align: justify;\">Wenn Sie glauben, dass die Verarbeitung Ihrer Daten gegen Datenschutzgesetze verst\u00f6\u00dft oder Ihre Datenschutzrechte anderweitig verletzt wurden, k\u00f6nnen Sie eine Beschwerde bei der Aufsichtsbeh\u00f6rde einreichen.<\/p>\n<p style=\"text-align: justify;\"><strong>Einspruch gegen Werbe-E-Mails<\/strong><\/p>\n<p style=\"text-align: justify;\">Der Nutzung von im Rahmen der Impressumspflicht ver\u00f6ffentlichten Kontaktdaten zur \u00dcbersendung von nicht ausdr\u00fccklich angeforderter Werbung und Informationsmaterialien wird hiermit widersprochen. Die Betreiber der Seiten behalten sich ausdr\u00fccklich rechtliche Schritte im Falle der unverlangten Zusendung von Werbeinformationen, etwa durch Spam-Mails, vor.<\/p>\n<\/div><\/div><\/div><\/div><\/div>\n","protected":false},"excerpt":{"rendered":"","protected":false},"author":1,"featured_media":0,"parent":0,"menu_order":0,"comment_status":"closed","ping_status":"closed","template":"100-width.php","meta":{"_acf_changed":false,"footnotes":""},"class_list":["post-4544","page","type-page","status-publish","hentry"],"acf":[],"_links":{"self":[{"href":"https:\/\/natex.at\/de\/wp-json\/wp\/v2\/pages\/4544","targetHints":{"allow":["GET"]}}],"collection":[{"href":"https:\/\/natex.at\/de\/wp-json\/wp\/v2\/pages"}],"about":[{"href":"https:\/\/natex.at\/de\/wp-json\/wp\/v2\/types\/page"}],"author":[{"embeddable":true,"href":"https:\/\/natex.at\/de\/wp-json\/wp\/v2\/users\/1"}],"replies":[{"embeddable":true,"href":"https:\/\/natex.at\/de\/wp-json\/wp\/v2\/comments?post=4544"}],"version-history":[{"count":0,"href":"https:\/\/natex.at\/de\/wp-json\/wp\/v2\/pages\/4544\/revisions"}],"wp:attachment":[{"href":"https:\/\/natex.at\/de\/wp-json\/wp\/v2\/media?parent=4544"}],"curies":[{"name":"wp","href":"https:\/\/api.w.org\/{rel}","templated":true}]}}